{"id":7740,"date":"2021-12-02T09:21:01","date_gmt":"2021-12-02T08:21:01","guid":{"rendered":"https:\/\/www.safilens.com\/?page_id=7740"},"modified":"2026-02-18T09:42:06","modified_gmt":"2026-02-18T08:42:06","slug":"cgv","status":"publish","type":"page","link":"https:\/\/www.safilens.com\/en\/cgv\/","title":{"rendered":"Condizioni Generali di Vendita"},"content":{"rendered":"<div data-elementor-type=\"wp-page\" data-elementor-id=\"7740\" class=\"elementor elementor-7740\">\n\t\t\t\t\t\t<section class=\"elementor-section elementor-top-section elementor-element elementor-element-1b73642 elementor-section-boxed elementor-section-height-default elementor-section-height-default\" data-id=\"1b73642\" data-element_type=\"section\" data-e-type=\"section\">\n\t\t\t\t\t\t<div class=\"elementor-container elementor-column-gap-default\">\n\t\t\t\t\t<div class=\"elementor-column elementor-col-100 elementor-top-column elementor-element elementor-element-56c8610\" data-id=\"56c8610\" data-element_type=\"column\" data-e-type=\"column\">\n\t\t\t<div class=\"elementor-widget-wrap elementor-element-populated\">\n\t\t\t\t\t\t<div class=\"elementor-element elementor-element-d3b04e3 elementor-widget elementor-widget-text-editor\" data-id=\"d3b04e3\" data-element_type=\"widget\" data-e-type=\"widget\" data-widget_type=\"text-editor.default\">\n\t\t\t\t<div class=\"elementor-widget-container\">\n\t\t\t\t\t        <div class=\"elementor-text-editor elementor-clearfix\"><p><b>Applicabilit\u00e0<br><\/b>Le presenti Condizioni Generali si applicano a tutti i contratti di vendita dei prodotti commercializzati da Safilens S.r.l. Unipersonale (qui di seguito SAFILENS) stipulati tra quest\u2019ultima ed i Clienti (di seguito \u201ci Clienti\u201d) a decorrere dal 1 Gennaio 2019. Le presenti Condizioni Generali prevarranno su qualsiasi altra condizione contrattuale di contenuto difforme, salvo che la medesima non sia stata negoziata direttamente con i Clienti e risulti da accordo scritto. L\u2019invio di un ordine da parte del Cliente equivale a tacita accettazione delle presenti Condizioni Generali.<\/p>\n<ol style=\"margin-top: 0cm;\" start=\"1\" type=\"1\">\n<li class=\"MsoNormal\"><b>Spedizione e Consegna<\/b><br><ol style=\"margin-top: 0cm;\" start=\"1\" type=\"1\">\n<li class=\"MsoNormal\">Salvo accordi differenti sottoscritti da SAFILENS ed il Cliente, gli ordini con un numero complessivo di confezioni di vendita inferiore a 10 e\/o di sole lenti diagnostiche saranno soggetti ad un contributo di spedizione di 4,00 euro.<\/li>\n<li class=\"MsoNormal\">Le date di evasione e consegna degli ordini sono puramente indicative. SAFILENS non sar\u00e0 pertanto responsabile nei confronti del Cliente per qualsiasi ritardo nella consegna dei Prodotti rispetto alla data prevista.<\/li>\n<\/ol>\n<\/li>\n<li class=\"MsoNormal\"><b>Trasferimento della propriet\u00e0 dei Prodotti<\/b><br><ol style=\"margin-top: 0cm;\" start=\"1\" type=\"1\">\n<li class=\"MsoNormal\">La propriet\u00e0 dei Prodotti di volta in volta acquistati dal Cliente in forza di contratto di vendita regolato dalle presenti Condizioni Generali si trasferisce al Cliente al momento della consegna dei Prodotti al Cliente da parte del corriere.<\/li>\n<li class=\"MsoNormal\">Per quanto riguarda Prodotti acquistati dal Cliente tramite lo strumento Voucher, ovvero accedendo a condizioni commerciali favorevoli in virt\u00f9 di un pagamento anticipato rispetto alla consegna dei Prodotti, la propriet\u00e0 dei Prodotti si trasferir\u00e0 al Cliente al verificarsi di una delle seguenti condizioni: a) consegna dei Prodotti al Cliente da parte del corriere; b) ricevimento da parte della banca di appoggio di SAFILENS di fondi che coprano i pagamenti dovuti per l\u2019acquisto del Voucher.<\/li>\n<li class=\"MsoNormal\">Lo strumento Voucher ha una validit\u00e0 nominale di 18 mesi dalla sua attivazione, periodo durante il quale il Cliente dovr\u00e0 esaurirne i Prodotti. In caso di mancato esaurimento la propriet\u00e0 dei Prodotti non richiesti dal Cliente verr\u00e0 ritrasferita a SAFILENS.<\/li>\n<\/ol>\n<\/li>\n<li class=\"MsoNormal\"><b>Informazioni sui Prodotti e sull&#8217;uso corretto degli stessi<\/b><br><ol style=\"margin-top: 0cm;\" start=\"1\" type=\"1\">\n<li class=\"MsoNormal\">Congiuntamente ad ogni Prodotto, SAFILENS fornir\u00e0 al Cliente le Istruzioni per l\u2019uso dei Prodotti inviati (qui di seguito le \u201cIstruzioni per l\u2019Uso\u201d). Le Istruzioni per l&#8217;Uso contengono importanti informazioni riguardanti sia il corretto uso dei Prodotti, che le eventuali reazioni avverse e le controindicazioni. Sar\u00e0 cura del Cliente istruire i Pazienti riguardo tali Istruzioni per l\u2019Uso.<\/li>\n<li class=\"MsoNormal\">Il Cliente provveder\u00e0 inoltre ad adempiere correttamente nei confronti dei Pazienti agli obblighi informativi relativi ai Prodotti previsti anche da disposizioni di legge e\/o regolamentari quali, a titolo esemplificativo ma non esaustivo, il D.Lgs 46\/1997 ed il D.M. 23 luglio 1998, e nei confronti dell\u2019Autorit\u00e0 Competente agli obblighi previsti per tale ruolo nell\u2019Art. 14 della Regolamentazione sui Dispositivi Medici (2017\/745).&nbsp; In caso di violazione degli obblighi previsti al presente paragrafo, SAFILENS potr\u00e0 sospendere immediatamente la fornitura dei Prodotti. Il Cliente si obbliga inoltre a garantire, manlevare e tenere comunque indenne SAFILENS dalle domande, pretese o azioni aventi per oggetto la violazione degli obblighi informativi previsti al presente paragrafo.<\/li>\n<\/ol>\n<\/li>\n<li class=\"MsoNormal\"><b>Reclami relativi alle Spedizioni<\/b><br><ol style=\"margin-top: 0cm;\" start=\"1\" type=\"1\">\n<li class=\"MsoNormal\">Prodotto Danneggiato: Il Cliente \u00e8 tenuto a far risultare nella prova di consegna i reclami relativi ai Prodotti danneggiati durante la spedizione ed inoltre a darne comunicazione scritta (anche a mezzo e-mail) a SAFILENS entro tre (3) giorni dalla consegna. Il Cliente deve conservare i Prodotti danneggiati per consentire a SAFILENS di esaminarli e verificarne i danni denunciati.<\/li>\n<li class=\"MsoNormal\">Mancata Consegna: I reclami relativi alle mancate consegne devono essere comunicati per iscritto (anche a mezzo e-mail) a SAFILENS entro sette (7) giorni dalla data dell\u2019ordine.<\/li>\n<li class=\"MsoNormal\">Consegna Parziale: Il Cliente \u00e8 tenuto a far risultare nella prova di consegna i reclami relativi alle consegne parziali ed inoltre a darne comunicazione per iscritto (anche a mezzo e-mail) a SAFILENS entro sette (7) giorni dal ricevimento dei Prodotti.<\/li>\n<li class=\"MsoNormal\">Termini per i reclami: Salvo ricorrano circostanze eccezionali, l\u2019accertamento delle&nbsp; quali&nbsp; sar\u00e0&nbsp; demandato esclusivamente a SAFILENS, quest\u2019ultima non riconoscer\u00e0 alcuna responsabilit\u00e0 in relazione ai reclami effettuati dal Cliente nei casi previsti dai punti 5.1, 5.2 e 5.3 del presente articolo oltre la scadenza dei predetti termini.<\/li>\n<li class=\"MsoNormal\">Sospensione dei pagamenti: Resta espressamente inteso che in nessun caso il Cliente potr\u00e0 sospendere i pagamenti qualora i reclami siano comunicati oltre i termini previsti dai punti 5.1, 5.2 e 5.3 del presente articolo. SAFILENS si riserva il diritto di addebitare al Cliente i costi di spedizione, trasporto, conservazione o qualsiasi altro costo che abbia ragionevolmente sostenuto nel caso in cui, per qualsiasi motivo, il Cliente non accetti i Prodotti presentati per la consegna.<\/li>\n<\/ol>\n<\/li>\n<li class=\"MsoNormal\"><b>Prezzi e Pagamenti<\/b><br><ol style=\"margin-top: 0cm;\" start=\"1\" type=\"1\">\n<li class=\"MsoNormal\">Salvo diverso accordo scritto, il prezzo dei Prodotti forniti da SAFILENS sar\u00e0 quello indicato nel listino prezzi SAFILENS in vigore alla data d\u2019invio dell\u2019ordine. Tutti i prezzi sono da intendersi non comprensivi di IVA o di qualsiasi altra tassa od onere fiscale.<\/li>\n<li class=\"MsoNormal\">Salvo diverso accordo scritto, gli ordini che prevedano il pagamento in contrassegno sono soggetti ad un ulteriore sconto sul totale imponibile pari al 3%.<\/li>\n<li class=\"MsoNormal\">I pagamenti dovuti dal Cliente dovranno essere integralmente effettuati entro 30 (trenta) giorni successivi alla data della fattura emessa da SAFILENS, salvo accordi differenti sottoscritti da SAFILENS ed il Cliente. In caso di pagamento a mezzo bonifico, lo stesso si intender\u00e0 validamente eseguito al momento del ricevimento da parte della banca di appoggio di SAFILENS di fondi che coprano i pagamenti dovuti.<\/li>\n<li class=\"MsoNormal\">I predetti termini di pagamento sono da intendersi perentori. SAFILENS ha la facolt\u00e0 di sospendere ordini e spedizioni nonch\u00e9 di intraprendere qualsiasi azione ritenuta necessaria o opportuna per il recupero del credito qualora i predetti termini di pagamento non vengano rispettati. La mancata osservanza dei termini di pagamento da parte del Cliente comporter\u00e0 inoltre i) il venir meno di tutte le agevolazioni di pagamento e\/o i premi eventualmente accordati da SAFILENS al Cliente, divenendo immediatamente esigibile il pagamento integrale di quanto dovuto dal Cliente nei confronti di SAFILENS, ii) nonch\u00e9 l\u2019applicazione di interessi di mora calcolati ai sensi del D.Lgs. n. 231\/2002.<\/li>\n<li class=\"MsoNormal\">Informazioni sulle richieste di agevolazioni di pagamento: in relazione a tutte le richieste di agevolazioni di pagamento formulate dal Cliente, SAFILENS si riserva il diritto di effettuare, nel rispetto della normativa sulla protezione dei dati personali in vigore, ricerche e indagini, anche relative agli amministratori del Cliente, tramite apposite aziende le quali predisporranno e conserveranno un resoconto dei risultati di dette ricerche.<\/li>\n<\/ol>\n<\/li>\n<li class=\"MsoNormal\">&nbsp;<b>Responsabilit\u00e0<\/b><br><ol style=\"margin-top: 0cm;\" start=\"1\" type=\"1\">\n<li class=\"MsoNormal\">Il Cliente avr\u00e0 la responsabilit\u00e0 dei Prodotti a partire dalla loro consegna, cos\u00ec come del loro corretto immagazzinamento. Tranne il caso in cui venga diversamente indicato nell\u2019imballo del Prodotto, tutti i Prodotti distribuiti da SAFILENS dovranno essere immagazzinati dal Cliente in un luogo fresco, pulito e asciutto.<\/li>\n<li class=\"MsoNormal\">SAFILENS non sar\u00e0 in alcun modo responsabile per perdite o danni subiti dal Cliente derivanti da:<br>&#8211; normale usura e consumo dei Prodotti; incendio o incidente che coinvolgano i Prodotti;<br>&#8211; danneggiamento dei Prodotti dovuto a dolo o negligenza del Cliente o da installazione non autorizzata;<br>&#8211; modifiche o riparazioni sui Prodotti eseguite dal Cliente o da terzi;<br>&#8211; utilizzo dei Prodotti per uno scopo o con modalit\u00e0 diversi da quelli indicati nelle istruzioni fornite. SAFILENS non sar\u00e0 altres\u00ec responsabile per qualsiasi danno che non sia, ai sensi dell\u2019art. 1223 c.c., conseguenza diretta e immediata di un inadempimento di SAFILENS.<\/li>\n<\/ol>\n<\/li>\n<li class=\"MsoNormal\"><b>Caso fortuito e forza maggiore<\/b><br><ol style=\"margin-top: 0cm;\" start=\"1\" type=\"1\">\n<li class=\"MsoNormal\">Ciascuna parte non sar\u00e0 responsabile nei confronti dell\u2019altra parte per qualsiasi perdita o danno derivante da inadempimento o ritardo, qualora tale inadempimento o ritardo sia dovuto a caso fortuito o forza maggiore, ivi incluse, a titolo meramente esemplificativo e non tassativo, le seguenti cause: cessazione della produzione, guerre, conflitti armati, sommosse, azioni sindacali, scioperi, provvedimenti e ordini di enti governativi o giudiziari.<\/li>\n<\/ol>\n<\/li>\n<li class=\"MsoNormal\"><b>Reclami dei pazienti<\/b><br><ol style=\"margin-top: 0cm;\" start=\"1\" type=\"1\">\n<li class=\"MsoNormal\">Il Cliente informer\u00e0 immediatamente SAFILENS di qualunque reclamo effettuato dai Pazienti relativamente a danni che sarebbero stati sub\u00ecti dagli stessi in conseguenza all\u2019uso dei Prodotti.<\/li>\n<\/ol>\n<\/li>\n<li class=\"MsoNormal\">&nbsp;<b>Fornitura<\/b><br><ol style=\"margin-top: 0cm;\" start=\"1\" type=\"1\">\n<li class=\"MsoNormal\">Il Cliente non fornir\u00e0 i Prodotti ad altri clienti residenti al di fuori del territorio nazionale (ad eccezione della Repubblica di San Marino e Citt\u00e0 del Vaticano), n\u00e9 ad altri clienti relativamente ai quali il Cliente possa ragionevolmente ritenere che forniranno i Prodotti al di fuori di tale territorio. In caso di violazione di tale obbligo da parte del Cliente, SAFILENS si riserva il diritto di sospendere gli ordini e le spedizioni oggetto delle presenti Condizioni Generali.<\/li>\n<li class=\"MsoNormal\">\u00c8 fatto espresso divieto al Cliente di commercializzare i Prodotti in un formato di vendita diverso da quello che sia stato fornito da SAFILENS quale risultante dalla relativa fattura e\/o documento di trasporto. Pertanto, \u00e8 fatto espresso divieto di separare il contenuto delle confezioni di vendita dei Prodotti forniti da SAFILENS per la commercializzazione separata di parti della confezione di vendita originariamente fornita da SAFILENS. Il Cliente accetta e riconosce che la violazione di quanto previsto dalla presente clausola \u00e8 di notevole importanza per SAFILENS, cos\u00ec che in caso di accertata violazione della medesima il contratto di fornitura con il Cliente si risolver\u00e0 di diritto ai sensi dell\u2019art. 1456 c.c.<\/li>\n<\/ol>\n<\/li>\n<li class=\"MsoNormal\"><b>Vendita online \u2013 Prodotti esclusi<\/b><br><ol style=\"margin-top: 0cm;\" start=\"1\" type=\"1\">\n<li class=\"MsoNormal\">Il Cliente si impegna a rispettare le peculiarit\u00e0 applicative di alcuni prodotti, cos\u00ec come descritte nelle GUIDE APPLICATIVE (modalit\u00e0 di porto, tempi di rimpiazzo, protocollo di applicazione etc.) anche attraverso la consulenza che verr\u00e0 resa agli utilizzatori all&#8217;interno del centro ottico sotto il controllo di un Ottico abilitato, pertanto \u00e8 fatto espresso divieto al Cliente di offrire, pubblicizzare, promuovere o vendere, direttamente o indirettamente, tramite canali online (a titolo esemplificativo e non esaustivo: siti e-commerce propri o di terzi, marketplace, piattaforme B2B\/B2C, social media con funzionalit\u00e0 di vendita, sistemi di dropshipping e qualunque ulteriore canale digitale accessibile al pubblico) i seguenti prodotti SAFILENS (di seguito i \u201cProdotti Esclusi\u201d):<br><span style=\"font-size: 1rem;\">FUSION 7DAYS ASTIGMA 12PK \/ <\/span><span style=\"font-size: 1rem;\">FUSION 7DAYS PRESBYO 12PK \/&nbsp;<\/span><span style=\"font-size: 1rem;\">FUSION 1DAY VISTA 30PK \/&nbsp;<\/span><span style=\"font-size: 1rem;\">DELIVERY TYRO 30PK \/&nbsp;<\/span><span style=\"font-size: 1rem;\">DELIVERY RIBO 30PK<\/span><\/li>\n<li class=\"MsoNormal\">Resta inteso che l\u2019elenco dei Prodotti Esclusi potr\u00e0 essere aggiornato da SAFILENS mediante comunicazione scritta al Cliente; l\u2019aggiornamento sar\u00e0 efficace dalla data indicata nella comunicazione o, in mancanza, dalla data di ricezione.<\/li>\n<li class=\"MsoNormal\">Il Cliente si impegna altres\u00ec a non consentire e\/o agevolare la vendita online dei Prodotti Esclusi da parte di terzi (inclusi rivenditori, piattaforme e soggetti con cui il Cliente intrattenga rapporti commerciali) ai quali abbia fornito i Prodotti.<\/li>\n<li class=\"MsoNormal\">Il Cliente accetta e riconosce che la violazione della presente clausola \u00e8 di notevole importanza per SAFILENS e comporter\u00e0 automaticamente, senza necessit\u00e0 di preventiva diffida o messa in mora:<br>i) l\u2019applicazione immediata al Cliente del <b style=\"font-size: 1rem; letter-spacing: 0px;\">Listino Confidenziale<\/b><span style=\"font-size: 1rem; letter-spacing: 0px;\"> vigente;<br><\/span>ii) il <b style=\"font-size: 1rem; letter-spacing: 0px;\">decadimento di ogni altra condizione commerciale di favore<\/b><span style=\"font-size: 1rem; letter-spacing: 0px;\"> (inclusi sconti, premi, contributi, condizioni promozionali e\/o accordi particolari), con efficacia immediata;<br><\/span>iii) il diritto di SAFILENS di <b style=\"font-size: 1rem; letter-spacing: 0px;\">ricalcolare retroattivamente<\/b><span style=\"font-size: 1rem; letter-spacing: 0px;\">, a far data dalla <\/span><b style=\"font-size: 1rem; letter-spacing: 0px;\">prima violazione accertata<\/b><span style=\"font-size: 1rem; letter-spacing: 0px;\">, i corrispettivi di tutte le forniture effettuate, applicando il Listino Confidenziale e con conseguente obbligo del Cliente di corrispondere a SAFILENS le differenze eventualmente dovute entro 15 (quindici) giorni dalla richiesta scritta;<br><\/span>iv) la facolt\u00e0 di SAFILENS di <b style=\"font-size: 1rem; letter-spacing: 0px;\">sospendere ordini e spedizioni<\/b><span style=\"font-size: 1rem; letter-spacing: 0px;\"> e\/o di <\/span><b style=\"font-size: 1rem; letter-spacing: 0px;\">risolvere di diritto<\/b><span style=\"font-size: 1rem; letter-spacing: 0px;\"> il contratto ai sensi dell\u2019art. 1456 c.c., fatto salvo in ogni caso il risarcimento dell\u2019ulteriore danno.&nbsp;<\/span><\/li>\n<\/ol>\n<\/li>\n<li><b>Privacy<\/b>\n<ol>\n<li>Ai sensi dell&#8217;articolo 13 del D.Lgs. 196\/2003, recante il \u201cCodice in Materia di Protezione dei Dati Personali\u201d (di seguito \u201cCodice Privacy\u201d), i dati personali relativi al Cliente ed ai suoi dipendenti e collaboratori che SAFILENS ha ottenuto e che otterr\u00e0 nell&#8217;ambito dell&#8217;esecuzione dei contratti di vendita dei Prodotti, formeranno oggetto di trattamento nel rispetto della normativa sopra richiamata e della riservatezza cui \u00e8 doverosamente ispirata l&#8217;attivit\u00e0 di SAFILENS. Il trattamento \u00e8 finalizzato esclusivamente alla gestione dei contratti di vendita, sotto il profilo contabile, amministrativo ed operativo. Il trattamento avverr\u00e0 mediante la raccolta cartacea dei dati personali e la successiva immissione degli stessi in uno o pi\u00f9 sistemi automatizzati di personal computer, collegati in rete locale e agli elaboratori centrali della societ\u00e0. I dati personali saranno trattati da dipendenti e collaboratori di SAFILENS in funzione del ruolo da essi svolto per la gestione del contratto medesimo, e saranno anche comunicati all\u2019esterno dell\u2019azienda, a societ\u00e0 del Gruppo Bruno Farmaceutici ed a societ\u00e0 terze, sempre per la finalit\u00e0 della gestione del contratto.<\/li>\n<li>Il conferimento dei dati personali di cui alla presente informativa \u00e8 obbligatorio. Il mancato conferimento dei dati di cui sopra non consentir\u00e0 a SAFILENS di dare corso ai contratti di vendita. Rispetto ai dati in possesso di SAFILENS, il Cliente potr\u00e0 sempre esercitare i diritti previsti dall&#8217;articolo 7 del Codice Privacy. In particolare, avuta conferma per effetto della presente informativa dell\u2019esistenza presso SAFILENS dei dati personali del Cliente e della logica e delle finalit\u00e0 del trattamento operato sui medesimi, il Cliente potr\u00e0 ottenere dal titolare appresso identificato che tali dati vengano messi a Sua disposizione in forma intelligibile. Potr\u00e0 altres\u00ec ottenere la cancellazione, la trasformazione in forma anonima o il blocco dei dati trattati in violazione di legge, l\u2019aggiornamento, la rettificazione o, se vi \u00e8 interesse, l\u2019integrazione dei dati stessi; potr\u00e0 altres\u00ec opporsi, per motivi legittimi, al trattamento. Il titolare del trattamento \u00e8 Safilens S.r.l. Unipersonale con sede legale in Via M. G. Deledda, 5 \u2013 34079 Staranzano (GO). Il responsabile del trattamento \u00e8 l\u2019Amministratore Unico di Safilens S.r.l. Unipersonale all\u2019indirizzo aziendale. I dati identificativi degli altri responsabili del trattamento, designati ai sensi dell\u2019articolo 29 del Codice Privacy, sono riportati in un elenco costantemente aggiornato presso SAFILENS. all\u2019indirizzo sopra indicato.<\/li>\n<li><span style=\"font-size: 1rem;\">Il Cliente, con riferimento ai dati personali dei clienti finali eventualmente trattati in occasione dello svolgimento di campagne promozionali e\/o informative e\/o ricerche di mercato effettuate da SAFILENS, si obbliga ad osservare tutte le vigenti disposizioni di legge in materia &#8211; in particolare quelle del Codice Privacy e, in particolare, si obbliga a fornire ai clienti finali l\u2019informativa sul trattamento dei dati personali di volta in volta predisposta da SAFILENS ed a raccogliere il relativo consenso. Il Cliente si obbliga in ogni caso a garantire, manlevare e tenere comunque indenne SAFILENS dalle domande, pretese o azioni di terzi aventi per oggetto il trattamento dei dati personali effettuato in violazione degli obblighi previsti al presente paragrafo.<\/span><\/li>\n<\/ol>\n<\/li>\n<li><b>Rinunce<\/b><br><ol style=\"margin-top: 0cm;\" start=\"1\" type=\"1\">\n<li class=\"MsoNormal\">Ogni eventuale rinuncia (espressa o tacita) e\/o inerzia di ciascuna parte ad esercitare alcuno dei diritti alla stessa spettanti in forza di qualsiasi contratto sottoposto alle presenti Condizioni Generali non costituir\u00e0 in nessun modo rinuncia della parte interessata ad esercitare i predetti diritti in futuro.<\/li>\n<\/ol>\n<\/li>\n<li class=\"MsoNormal\"><b>Foro competente<\/b><br><ol style=\"margin-top: 0cm;\" start=\"1\" type=\"1\">\n<li class=\"MsoNormal\">Le presenti Condizioni Generali e tutti i contratti di compravendita conclusi sulla base delle presenti Condizioni Generali sono regolati dalla Legge Italiana. Qualunque controversia relativa alla conclusione, interpretazione, esecuzione, risoluzione e inadempimento delle presenti Condizioni Generali e dei singoli contratti di compravendita conclusi sulla base delle presenti Condizioni Generali sar\u00e0 sottoposta alla competenza esclusiva del Foro di Gorizia<\/li>\n<\/ol>\n<\/li>\n<li class=\"MsoNormal\"><b>Condizioni di servizio dei resi di prodotti<\/b><br><ol style=\"margin-top: 0cm;\" start=\"1\" type=\"1\">\n<li class=\"MsoNormal\">SAFILENS accetter\u00e0 i prodotti acquistati direttamente e non pi\u00f9 desiderati dal Cliente, unicamente al verificarsi di tutte le seguenti condizioni:<br><span style=\"font-size: 1rem;\">&#8211; la richiesta di reso dovr\u00e0 essere autorizzata dal Customer Service;<br><\/span>&#8211; i Prodotti dovranno essere in condizioni tali da poter essere rivenduti, con confezione integra, sigillo di chiusura intatto e con data di scadenza di almeno 16 mesi decorrenti dalla data di presa in carico dei Prodotti dal magazzino centrale di SAFILENS.<\/li>\n<li class=\"MsoNormal\">i Prodotti resi dovranno essere spediti in una confezione di cartone integra, al fine di garantire l&#8217;effettivo riaccredito dei Prodotti e rispondere a tutti i requisiti di qualit\u00e0.<\/li>\n<li class=\"MsoNormal\">Resta inteso che qualora non sussistano le condizioni per il riaccredito del prodotto, il Cliente perder\u00e0 qualsiasi diritto a ricevere la nota di credito a fronte del reso; la Societ\u00e0 sar\u00e0 autorizzata a distruggere o comunque smaltire i prodotti ricevuti, senza che il Cliente abbia diritto ad alcun rimborso e\/o restituzione dei prodotti stessi. Per qualsiasi chiarimento in merito vi invitiamo a prendere contatto con il Vostro Responsabile di Zona o con il Servizio Clienti al numero 0481 480421.<\/li>\n<li class=\"MsoNormal\">Per quanto riguarda i resi di Voucher non ancora esauriti e non pi\u00f9 desiderati dal Cliente, il Cliente avr\u00e0 diritto a ricevere la nota di credito per il valore del Prodotto non ancora consegnato al Cliente, al netto della differenza tra le condizioni di fornitura normalmente in vigore alla data di invio dei Prodotti e quelle favorevoli del Voucher relativamente alle confezioni di Prodotto del Voucher gi\u00e0 consegnate al Cliente.<\/li>\n<\/ol>\n<\/li>\n<li class=\"MsoNormal\"><b>Politica delle lenti diagnostiche<\/b><br><ol style=\"margin-top: 0cm;\" start=\"1\" type=\"1\">\n<li class=\"MsoNormal\">\u00c8 possibile richiedere lenti diagnostiche dei Prodotti, resta inteso che l\u2019utilizzo di lenti diagnostiche \u00e8 finalizzato esclusivamente alle prime applicazioni ai nuovi portatori di lenti a contatto. A tal fine, gli ordini di lenti diagnostiche potranno essere effettuati solo in quantit\u00e0 proporzionate e adeguate rispetto a tale finalit\u00e0. SAFILENS si riserva di limitare (anche solo temporaneamente) al Cliente L\u2019approvvigionamento di lenti diagnostiche, nei casi in cui rilevi ordini di lenti diagnostiche in misura sproporzionata rispetto alla summenzionata finalit\u00e0 e incompatibile con il perseguimento di tale finalit\u00e0. Nei casi pi\u00f9 gravi di utilizzo improprio delle lenti diagnostiche, SAFILENS si riserva il diritto di risolvere il contratto di fornitura con il Cliente.<\/li>\n<\/ol>\n<\/li>\n<li class=\"MsoNormal\"><b>Modello Organizzativo Aziendale<\/b><br><ol style=\"margin-top: 0cm;\" start=\"1\" type=\"1\">\n<li class=\"MsoNormal\">Il Cliente prende atto dell\u2019adozione da parte di Safilens del modello organizzativo aziendale ex art. 231\/2001 e dell\u2019obbligo del rispetto dello stesso e delle norme ivi contenute. Copia del modello pu\u00f2 essere richiesta all\u2019indirizzo email odv231@safilens.com<\/li>\n<\/ol>\n<\/li>\n<\/ol>\n<p>Rev.2021_03<\/p><\/div>\n        \t\t\t\t<\/div>\n\t\t\t\t<\/div>\n\t\t\t\t\t<\/div>\n\t\t<\/div>\n\t\t\t\t\t<\/div>\n\t\t<\/section>\n\t\t\t\t<\/div>","protected":false},"excerpt":{"rendered":"<p>Applicabilit\u00e0Le presenti Condizioni Generali si applicano a tutti i contratti di vendita dei prodotti commercializzati da Safilens S.r.l. Unipersonale (qui di seguito SAFILENS) stipulati tra quest\u2019ultima ed i Clienti (di seguito \u201ci Clienti\u201d) a decorrere dal 1 Gennaio 2019. Le presenti Condizioni Generali prevarranno su qualsiasi altra condizione contrattuale di contenuto difforme, salvo che la &hellip; <\/p>\n<p class=\"more-link-wrap\"><a href=\"https:\/\/www.safilens.com\/en\/cgv\/\" class=\"more-link\"><span>Read More<span class=\"screen-reader-text\"> &#8220;Condizioni Generali di Vendita&#8221;<\/span><\/span><i class=\"opal-icon-arrow-right\" aria-hidden=\"true\"><\/i><\/a><\/p>","protected":false},"author":5,"featured_media":0,"parent":0,"menu_order":0,"comment_status":"closed","ping_status":"closed","template":"","meta":{"inline_featured_image":false,"footnotes":""},"class_list":["post-7740","page","type-page","status-publish","hentry"],"_links":{"self":[{"href":"https:\/\/www.safilens.com\/en\/wp-json\/wp\/v2\/pages\/7740","targetHints":{"allow":["GET"]}}],"collection":[{"href":"https:\/\/www.safilens.com\/en\/wp-json\/wp\/v2\/pages"}],"about":[{"href":"https:\/\/www.safilens.com\/en\/wp-json\/wp\/v2\/types\/page"}],"author":[{"embeddable":true,"href":"https:\/\/www.safilens.com\/en\/wp-json\/wp\/v2\/users\/5"}],"replies":[{"embeddable":true,"href":"https:\/\/www.safilens.com\/en\/wp-json\/wp\/v2\/comments?post=7740"}],"version-history":[{"count":58,"href":"https:\/\/www.safilens.com\/en\/wp-json\/wp\/v2\/pages\/7740\/revisions"}],"predecessor-version":[{"id":8270,"href":"https:\/\/www.safilens.com\/en\/wp-json\/wp\/v2\/pages\/7740\/revisions\/8270"}],"wp:attachment":[{"href":"https:\/\/www.safilens.com\/en\/wp-json\/wp\/v2\/media?parent=7740"}],"curies":[{"name":"wp","href":"https:\/\/api.w.org\/{rel}","templated":true}]}}