{"id":6518,"date":"2021-08-13T13:03:31","date_gmt":"2021-08-13T11:03:31","guid":{"rendered":"https:\/\/dev.layertre.it\/safilens\/?page_id=6518"},"modified":"2021-11-16T09:09:12","modified_gmt":"2021-11-16T08:09:12","slug":"cookie-policy","status":"publish","type":"page","link":"https:\/\/www.safilens.com\/en\/cookie-policy\/","title":{"rendered":"Cookie Policy"},"content":{"rendered":"<div data-elementor-type=\"wp-page\" data-elementor-id=\"6518\" class=\"elementor elementor-6518\">\n\t\t\t\t\t\t<section class=\"elementor-section elementor-top-section elementor-element elementor-element-cfc6f4d elementor-section-boxed elementor-section-height-default elementor-section-height-default\" data-id=\"cfc6f4d\" data-element_type=\"section\" data-e-type=\"section\">\n\t\t\t\t\t\t<div class=\"elementor-container elementor-column-gap-default\">\n\t\t\t\t\t<div class=\"elementor-column elementor-col-100 elementor-top-column elementor-element elementor-element-b14ad01\" data-id=\"b14ad01\" data-element_type=\"column\" data-e-type=\"column\">\n\t\t\t<div class=\"elementor-widget-wrap elementor-element-populated\">\n\t\t\t\t\t\t<div class=\"elementor-element elementor-element-4f339b1 elementor-widget elementor-widget-text-editor\" data-id=\"4f339b1\" data-element_type=\"widget\" data-e-type=\"widget\" data-widget_type=\"text-editor.default\">\n\t\t\t\t<div class=\"elementor-widget-container\">\n\t\t\t\t\t        <div class=\"elementor-text-editor elementor-clearfix\"><h2>Informativa sull&#8217;uso dei cookie<\/h2><p>I siti web di Safilens utilizzano cookie e tecnologie simili per garantire il corretto funzionamento delle procedure e migliorare l&#8217;esperienza di uso delle applicazioni online. Il presente documento, in conformit\u00e0\u00a0 all&#8217;articolo 13 del d.lgs 196\/2003, fornisce informazioni dettagliate sull&#8217;uso dei cookie e di tecnologie similari, su come sono utilizzati da Safilens e su come gestirli.<\/p><h3>Definizioni<\/h3><p>I cookie sono brevi frammenti di testo (lettere e\/o numeri) che permettono al server web di memorizzare sul client (il browser) informazioni da riutilizzare nel corso della medesima visita al sito (cookie di sessione) o in seguito, anche a distanza di giorni (cookie persistenti). I cookie vengono memorizzati, in base alle preferenze dell&#8217;utente, dal singolo browser sullo specifico dispositivo utilizzato (computer, tablet, smartphone).<\/p><p>Tecnologie similari, come, ad esempio, web beacon, GIF trasparenti e tutte le forme di storage locale introdotte con HTML5, sono utilizzabili per raccogliere informazioni sul comportamento dell&#8217;utente e sull&#8217;utilizzo dei servizi.<\/p><p>Nel seguito di questo documento faremo riferimento ai cookie e a tutte le tecnologie similari utilizzando semplicemente il termine &#8220;cookie&#8221;.<\/p><h3>Tipologie di cookie<\/h3><p>In base alle caratteristiche e all&#8217;utilizzo dei cookie possiamo distinguere diverse categorie:<\/p><p><strong><em>Cookie tecnici e strettamente necessari.<\/em><\/strong> Si tratta di cookie indispensabili per il corretto funzionamento dei siti di Safilens e sono utilizzati per gestire il login e l&#8217;accesso alle funzioni riservate del sito. La durata dei cookie \u00e8 strettamente limitata alla sessione di lavoro (chiuso il browser vengono cancellati).\u00a0<\/p><p><strong><em>Cookie di analisi e prestazioni.<\/em><\/strong> Sono cookie utilizzati per raccogliere e analizzare il traffico e l&#8217;utilizzo del sito in modo anonimo. Questi cookie, pur senza identificare l&#8217;utente, consentono, per esempio, di rilevare se il medesimo utente torna a collegarsi in momenti diversi. Permettono inoltre di monitorare il sistema e migliorarne le prestazioni e l&#8217;usabilit\u00e0 . La disattivazione di tali cookie pu\u00f2 essere eseguita senza alcuna perdita di funzionalit\u00e0.<\/p><p><strong><em>Cookie di profilazione.<\/em><\/strong>\u00a0Si tratta di cookie permanenti utilizzati per identificare (in modo anonimo e non) le preferenze dell&#8217;utente e migliorare la sua esperienza di navigazione.\u00a0<\/p><p><strong>I siti web di Safilens non utilizzano cookie di profilazione.<\/strong><\/p><h3>Cookie di terze parti<\/h3><p>Visitando un sito web si possono ricevere cookie sia dal sito visitato (&#8220;proprietari&#8221;\u009d), sia da siti gestiti da altre organizzazioni (&#8220;terze parti&#8221;\u009d). Un esempio notevole \u00e8 rappresentato dalla presenza dei &#8220;social plugin&#8221;\u009d per, ad esempio, Facebook, Twitter, Google+ e LinkedIn. Si tratta di parti della pagina visitata generate direttamente dai suddetti siti ed integrati nella pagina del sito ospitante. L&#8217;utilizzo pi\u00f9 comune dei social plug-in \u00e8 finalizzato alla condivisione dei contenuti sui social network.<\/p><p>La presenza di questi plug-in comporta la trasmissione di cookie da e verso tutti i siti gestiti da terze parti. La gestione delle informazioni raccolte da &#8220;terze parti&#8221;\u009d \u00e8 disciplinata dalle relative informative cui si prega di fare riferimento. Per garantire una maggiore trasparenza e comodit\u00e0 , si riportano qui di seguito gli indirizzi web delle diverse informative e delle modalit\u00e0\u00a0 per la gestione dei cookie.<\/p><p>Facebook informativa:\u00a0<a href=\"https:\/\/www.facebook.com\/help\/cookies\/\">https:\/\/www.facebook.com\/help\/cookies\/<\/a><br \/>Facebook (configurazione): accedere al proprio account. Sezione privacy.<br \/>Twitter informative:\u00a0<a href=\"https:\/\/support.twitter.com\/articles\/20170514\">https:\/\/support.twitter.com\/articles\/20170514<\/a><br \/>Twitter (configurazione):\u00a0<a href=\"https:\/\/twitter.com\/settings\/security\">https:\/\/twitter.com\/settings\/security<\/a><br \/>Linkedin informativa:\u00a0<a href=\"https:\/\/www.linkedin.com\/legal\/cookie-policy\">https:\/\/www.linkedin.com\/legal\/cookie-policy<\/a><br \/>Linkedin (configurazione):\u00a0<a href=\"https:\/\/www.linkedin.com\/settings\/\">https:\/\/www.linkedin.com\/settings\/<\/a><br \/>Google+ informativa:\u00a0<a href=\"http:\/\/www.google.it\/intl\/it\/policies\/technologies\/cookies\/\">http:\/\/www.google.it\/intl\/it\/policies\/technologies\/cookies\/<\/a><br \/>Google+ (configurazione):\u00a0<a href=\"http:\/\/www.google.it\/intl\/it\/policies\/technologies\/managing\/\">http:\/\/www.google.it\/intl\/it\/policies\/technologies\/managing\/<\/a><br \/>Youtube:\u00a0<a href=\"https:\/\/www.google.it\/intl\/it\/policies\/privacy\/\">https:\/\/www.google.it\/intl\/it\/policies\/privacy\/<\/a><br \/>Flickr:\u00a0<a href=\"https:\/\/policies.yahoo.com\/us\/en\/yahoo\/privacy\/products\/flickr\/index.htm\">https:\/\/policies.yahoo.com\/us\/en\/yahoo\/privacy\/products\/flickr\/index.htm<\/a><\/p><h3>Google Analytics<\/h3><p>Google Analytics \u00e8 un servizio di analisi del traffico web fornito da Google Inc. (&#8220;Google&#8221;\u009d). Anche in questo caso si tratta di cookie di terze parti raccolti e gestiti in modo anonimo per monitorare e migliorare le prestazioni del sito ospite (performance cookie).<\/p><p>Per ulteriori informazioni, si rinvia al link di seguito indicato:<br \/><a href=\"https:\/\/www.google.it\/policies\/privacy\/partners\/\">https:\/\/www.google.it\/policies\/privacy\/partners\/<\/a><\/p><p>L&#8217;utente pu\u00f2 disabilitare in modo selettivo l&#8217;azione di Google Analytics installando sul proprio browser la componente di opt-out fornito da Google.\u00a0<\/p><p>Per disabilitare l&#8217;azione di Google Analytics, si rinvia al link di seguito indicato:<br \/><a href=\"https:\/\/tools.google.com\/dlpage\/gaoptout\">https:\/\/tools.google.com\/dlpage\/gaoptout<\/a><\/p><h3>Durata dei cookie<\/h3><p>Alcuni cookie (cookie di sessione) restano attivi solo fino alla chiusura del browser o all&#8217;esecuzione del comando di logout. Altri cookie \u00e2\u20ac\u0153sopravvivono\u00e2\u20ac\u009d alla chiusura del browser e sono disponibili anche in successive visite dell&#8217;utente. Questi cookie sono detti persistenti e la loro durata \u00e8 fissata dal server al momento della loro creazione. In alcuni casi \u00e8 fissata una scadenza, in altri casi la durata \u00e8 illimitata.<\/p><h3>Gestione dei cookie<\/h3><p>L&#8217;utente pu\u00f2 decidere se accettare o meno i cookie utilizzando le impostazioni del proprio browser.<\/p><p>Attenzione: la disabilitazione totale o parziale dei cookie tecnici pu\u00f2 compromettere l&#8217;utilizzo delle funzionalit\u00e0\u00a0 del sito riservate agli utenti registrati. Al contrario, la fruibilit\u00e0\u00a0 dei contenuti pubblici \u00e8 possibile anche disabilitando completamente i cookie.<\/p><p>La disabilitazione dei cookie &#8220;terze parti&#8221;\u009d non pregiudica in alcun modo la navigabilit\u00e0.<\/p><p>L&#8217;impostazione pu\u00f2 essere definita in modo specifico per i diversi siti e applicazioni web. Inoltre i migliori browser consentono di definire impostazioni diverse per i cookie &#8220;proprietari&#8221; e per quelli di &#8220;terze parti&#8221;.<\/p><p>A titolo di esempio, in Internet Explorer, attraverso il menu Strumenti-&gt;Opzioni Internet-&gt;Privacy, nel riquadro Impostazioni \u00e8 possibile accedere ad un pannello di controllo dove spostare il dispositivo di scorrimento verso l&#8217;alto per bloccare tutti i cookie oppure verso il basso per consentirli tutti e quindi fare clic su OK.<\/p><p>Dato il continuo aggiornamenti dei browser, per la migliore configurazione in materia di gestione de cookies \u00e8 comunque preferibile far sempre riferimento ai consigli e alle istruzioni fornite dai produttori dei medesimi software.\u00a0<\/p><p>Solo a titolo di esempio forniamo i link ai siti di supporto dei browser ad oggi pi\u00f9 diffusi.<\/p><p>Chrome:\u00a0<br \/><a href=\"https:\/\/support.google.com\/chrome\/answer\/95647?hl=it\">https:\/\/support.google.com\/chrome\/answer\/95647?hl=it<\/a><\/p><p>Firefox:\u00a0<br \/><a href=\"https:\/\/support.mozilla.org\/it\/kb\/Gestione%20dei%20cookie\">https:\/\/support.mozilla.org\/it\/kb\/Gestione%20dei%20cookie<\/a><\/p><p>Internet Explorer:\u00a0<br \/><a href=\"http:\/\/windows.microsoft.com\/it-it\/windows7\/how-to-manage-cookies-in-internet-explorer-9\">http:\/\/windows.microsoft.com\/it-it\/windows7\/how-to-manage-cookies-in-internet-explorer-9<\/a><\/p><p>Opera:\u00a0<br \/><a href=\"http:\/\/help.opera.com\/Windows\/10.00\/it\/cookies.html\">http:\/\/help.opera.com\/Windows\/10.00\/it\/cookies.html<\/a><\/p><p>Safari:\u00a0<br \/><a href=\"http:\/\/support.apple.com\/kb\/HT1677?viewlocale=it_IT\">http:\/\/support.apple.com\/kb\/HT1677?viewlocale=it_IT<\/a><\/p><p>Staranzano, 01\/06\/2015<\/p><\/div>\n        \t\t\t\t<\/div>\n\t\t\t\t<\/div>\n\t\t\t\t\t<\/div>\n\t\t<\/div>\n\t\t\t\t\t<\/div>\n\t\t<\/section>\n\t\t\t\t<\/div>","protected":false},"excerpt":{"rendered":"<p>Informativa sull&#8217;uso dei cookie I siti web di Safilens utilizzano cookie e tecnologie simili per garantire il corretto funzionamento delle procedure e migliorare l&#8217;esperienza di uso delle applicazioni online. Il presente documento, in conformit\u00e0\u00a0 all&#8217;articolo 13 del d.lgs 196\/2003, fornisce informazioni dettagliate sull&#8217;uso dei cookie e di tecnologie similari, su come sono utilizzati da Safilens &hellip; <\/p>\n<p class=\"more-link-wrap\"><a href=\"https:\/\/www.safilens.com\/en\/cookie-policy\/\" class=\"more-link\"><span>Read More<span class=\"screen-reader-text\"> &#8220;Cookie Policy&#8221;<\/span><\/span><i class=\"opal-icon-arrow-right\" aria-hidden=\"true\"><\/i><\/a><\/p>","protected":false},"author":5,"featured_media":0,"parent":0,"menu_order":0,"comment_status":"closed","ping_status":"closed","template":"","meta":{"inline_featured_image":false,"footnotes":""},"class_list":["post-6518","page","type-page","status-publish","hentry"],"_links":{"self":[{"href":"https:\/\/www.safilens.com\/en\/wp-json\/wp\/v2\/pages\/6518","targetHints":{"allow":["GET"]}}],"collection":[{"href":"https:\/\/www.safilens.com\/en\/wp-json\/wp\/v2\/pages"}],"about":[{"href":"https:\/\/www.safilens.com\/en\/wp-json\/wp\/v2\/types\/page"}],"author":[{"embeddable":true,"href":"https:\/\/www.safilens.com\/en\/wp-json\/wp\/v2\/users\/5"}],"replies":[{"embeddable":true,"href":"https:\/\/www.safilens.com\/en\/wp-json\/wp\/v2\/comments?post=6518"}],"version-history":[{"count":10,"href":"https:\/\/www.safilens.com\/en\/wp-json\/wp\/v2\/pages\/6518\/revisions"}],"predecessor-version":[{"id":7337,"href":"https:\/\/www.safilens.com\/en\/wp-json\/wp\/v2\/pages\/6518\/revisions\/7337"}],"wp:attachment":[{"href":"https:\/\/www.safilens.com\/en\/wp-json\/wp\/v2\/media?parent=6518"}],"curies":[{"name":"wp","href":"https:\/\/api.w.org\/{rel}","templated":true}]}}