{"id":83,"date":"2021-07-22T11:51:01","date_gmt":"2021-07-22T09:51:01","guid":{"rendered":"https:\/\/dev.layertre.it\/safilens\/?page_id=83"},"modified":"2025-04-23T17:07:55","modified_gmt":"2025-04-23T15:07:55","slug":"informativa-clienti","status":"publish","type":"page","link":"https:\/\/www.safilens.com\/de\/informativa-clienti\/","title":{"rendered":"Informativa clienti\/fornitori"},"content":{"rendered":"<div data-elementor-type=\"wp-page\" data-elementor-id=\"83\" class=\"elementor elementor-83\">\n\t\t\t\t\t\t<section class=\"elementor-section elementor-top-section elementor-element elementor-element-fc3f1b4 elementor-section-boxed elementor-section-height-default elementor-section-height-default\" data-id=\"fc3f1b4\" data-element_type=\"section\" data-e-type=\"section\">\n\t\t\t\t\t\t<div class=\"elementor-container elementor-column-gap-default\">\n\t\t\t\t\t<div class=\"elementor-column elementor-col-100 elementor-top-column elementor-element elementor-element-23e3402\" data-id=\"23e3402\" data-element_type=\"column\" data-e-type=\"column\">\n\t\t\t<div class=\"elementor-widget-wrap elementor-element-populated\">\n\t\t\t\t\t\t<div class=\"elementor-element elementor-element-3fbc272 elementor-position-below elementor-widget elementor-widget-heading\" data-id=\"3fbc272\" data-element_type=\"widget\" data-e-type=\"widget\" data-widget_type=\"heading.default\">\n\t\t\t\t<div class=\"elementor-widget-container\">\n\t\t\t\t\t<div class=\"elementor-heading-wrapper\" ><div class=\"elementor-heading-wrapper-inner\"><h2 class=\"elementor-heading-title elementor-size-default\">Informativa resa ai sensi degli art. 13-14 del GDPR (General Data Protection Regulation) 2016\/679\n<\/h2><span class=\"sub-title\">Data: 19\/05\/2022 Rev 0.3<\/span><\/div><\/div>\t\t\t\t<\/div>\n\t\t\t\t<\/div>\n\t\t\t\t<div class=\"elementor-element elementor-element-cc092b5 elementor-widget elementor-widget-text-editor\" data-id=\"cc092b5\" data-element_type=\"widget\" data-e-type=\"widget\" data-widget_type=\"text-editor.default\">\n\t\t\t\t<div class=\"elementor-widget-container\">\n\t\t\t\t\t        <div class=\"elementor-text-editor elementor-clearfix\">Gentile Interessato,\ndi seguito le forniamo alcune informazioni che \u00e8 necessario portare alla sua conoscenza, non solo per ottemperare agli obblighi di legge, ma anche perch\u00e9 la trasparenza e la correttezza nei confronti della nostra clientela e dei nostri fornitori \u00e8 parte fondante della nostra attivit\u00e0.\n\nIl presente modulo \u00e8 stato ideato per riferirsi a diverse categorie di soggetti, affinch\u00e9 il Titolare del Trattamento potesse soffermarsi sul trattamento dei dati personali dei propri clienti\/fornitori in modo s\u00ec univoco, ma pienamente conforme ai dettami previsti dalla normativa europea sulla protezione dei dati personali.\n\nIl Titolare del Trattamento dei suoi dati personali \u00e8 <strong>\u201cSAFILENS S.r.l.\u201d<\/strong>, nella figura del legale rappresentante pro tempore responsabile nei suoi confronti del legittimo e corretto uso dei suoi dati personali e che potr\u00e0 contattare per qualsiasi informazione o richiesta ai seguenti recapiti:\n\nSAFILENS S.r.l. Unipersonale\nVia M. G. Deledda, 5\n34079 Staranzano (GO)\n\nTelefono: 0481 483349\nEmail: safilens@safilens.com\n\nI suoi dati potranno essere trattati dal nostro:\n<ul>\n \t<li>COMMERCIALISTA<\/li>\n \t<li>CONSULENTE PROGRAMMA GESTIONALE<\/li>\n \t<li>TECNICO INFORMATICO<\/li>\n \t<li>ISTITUTO DI VIGILANZA<\/li>\n \t<li>AGENTE DI COMMERCIO<\/li>\n \t<li>STUDIO LEGALE<\/li>\n<\/ul>\nin qualit\u00e0 di Responsabile del Trattamento\n\nI suoi dati potranno essere trattati dal nostro personale aziendale in qualit\u00e0 di \u201cAddetto al Trattamento\u201d. Esso sar\u00e0 responsabile nei suoi confronti del legittimo e corretto uso dei suoi dati personali per ogni trattamento necessario all\u2019esecuzione del rapporto di lavoro tra le parti.\nNel caso, per qualsiasi informazione, volesse contattare il responsabile del trattamento o l\u2019addetto potr\u00e0 richiedere i dati\u00a0 al Titolare del Trattamento.\n\nI suoi dati personali sono raccolti e trattati per le finalit\u00e0 riportate di seguito insieme alla base giuridica di riferimento:\n<table>\n<tbody>\n<tr>\n<td><strong>Finalit\u00e0<\/strong><\/td>\n<td><strong>Dati trattati<\/strong><\/td>\n<td><strong>Base giuridica<\/strong><\/td>\n<\/tr>\n<tr>\n<td>Gestione della clientela<\/td>\n<td>Codice fiscale\/Partita IVA ed altri numeri di identificazione personale; Nominativo, indirizzo o altri elementi di identificazione personale; Coordinate bancarie; Indirizzo e-mail; Provincia di residenza, numero di telefono; sito.<\/td>\n<td>Esecuzione di un contratto di cui l\u2019interessato \u00e8 parte (Art 6 p. 1 lett. b) GDPR 2016\/679) Art.6 paragrafo 1, lettera f) del Regolamento(UE) 679\/2016.\nIl trattamento \u00e8 necessario per il perseguimento del legittimo interesse del titolare del trattamento<\/td>\n<\/tr>\n<tr>\n<td>Gestione dei fornitori<\/td>\n<td>Codice fiscale\/Partita IVA ed altri numeri di identificazione personale; Nominativo, indirizzo o altri elementi di identificazione personale; Coordinate bancarie; numero di telefono, indirizzo e-mail; Provincia di residenza; schede prodotto e schede di sicurezza<\/td>\n<td>Esecuzione di un contratto di cui l\u2019interessato \u00e8 parte (Art 6 p. 1 lett. b) GDPR 2016\/679)\nArt.6 paragrafo 1, lett. F) del Regolamento UE 679\/2016\nIl trattamento \u00e8 necessario per il perseguimento del legittimo interesse del titolare del trattamento<\/td>\n<\/tr>\n<tr>\n<td>Adempimento di obblighi fiscali e contabili<\/td>\n<td>Codice fiscale\/Partita IVA ed altri numeri di identificazione personale; Nominativo, indirizzo o altri elementi di identificazione personale; Indirizzo e-mail; Provincia di residenza<\/td>\n<td>Adempimento di un obbligo legale a cui \u00e8 soggetto il Titolare (Art 6 p.1 lett. c)\nGDPR 2016\/679)<\/td>\n<\/tr>\n<tr>\n<td>Marketing\/Invio materiale informativo e\/o pubblicitario mediante telefono o internet<\/td>\n<td>Nominativo, indirizzo o altri elementi di identificazione personale; Attivit\u00e0 economiche e commerciali; Dati di contatto (numero telefono, e-mail ecc.)<\/td>\n<td>Prestazione del consenso dell\u2019interessato (Art 6 p.1 lett. a) GDPR 2016\/679)<\/td>\n<\/tr>\n<\/tbody>\n<\/table>\n<strong>Categorie di destinatari<\/strong>\nI suoi dati potranno essere inviati ai destinatari o alle categorie di destinatari riportati di seguito:\n<ul>\n \t<li>Banche e istituti di credito<\/li>\n \t<li>Assicurazione<\/li>\n \t<li>Enti locali, Amministrazione pubblica<\/li>\n \t<li>Consulenti e liberi professionisti in forma singola o associata<\/li>\n \t<li>Studi di consulenza in materia di salute e sicurezza sul lavoro<\/li>\n \t<li>Eventuali societ\u00e0 di spedizioni<\/li>\n \t<li>Organismi di controllo<\/li>\n \t<li>Societ\u00e0 recupero crediti<\/li>\n<\/ul>\n<p style=\"text-align: left;\"><strong>Possibilit\u00e0 di trasferire i dati dell\u2019interessato a un Paese Terzo all\u2019UE o ad un\u2019organizzazione internazionale<\/strong>\nLa nostra Azienda non prevede di trasferire i suoi dati al di fuori dell\u2019Unione Europea o ad organizzazioni internazionali. Nel caso in cui i suoi dati dovessero essere trasferiti in Paesi extracomunitari o ad organizzazioni internazionali, le chiederemo un consenso distinto e separato, tali dati inoltre verranno inviati solo ai Paesi rispetto ai quali si \u00e8 espressa una decisione di adeguatezza della Commissione Europea.<\/p>\n<p style=\"text-align: left;\">Oltre a queste informazioni, per garantirle un trattamento dei suoi dati il pi\u00f9 corretto e trasparente possibile, deve essere a conoscenza del fatto che:<\/p>\n\n<ul>\n \t<li style=\"text-align: left;\">I dati comunicati saranno conservati fino a una sua richiesta di cancellazione. In ogni caso i suoi dati saranno conservati per tutto il tempo necessario affinch\u00e9 si possa adempiere ai fini fiscali previsti dalla legge o da qualsiasi altra fonte normativa;<\/li>\n \t<li style=\"text-align: left;\">Ha il diritto di chiedere al titolare del trattamento l&#8217;accesso ai suoi dati personali e la rettifica o la cancellazione degli stessi o la limitazione del trattamento che la riguarda o di opporsi al loro trattamento;<\/li>\n \t<li style=\"text-align: left;\">Nei trattamenti la cui base giuridica \u00e8 indicata come \u201cprestazione di consenso dell\u2019interessato\u201d, lo stesso pu\u00f2 revocare il proprio consenso in qualsiasi momento senza che venga pregiudicata la liceit\u00e0 dei trattamenti precedenti;<\/li>\n \t<li style=\"text-align: left;\">Ha il diritto di proporre reclamo alla seguente Autorit\u00e0 di Controllo: \u201cGarante per la protezione dei dati personali\u201d;<\/li>\n \t<li style=\"text-align: left;\">Nei trattamenti la cui base giuridica \u00e8 indicata come \u201cadempimento a un obbligo legale\u201d o l\u2019esecuzione di un contratto di cui l\u2019interessato \u00e8 parte, la comunicazione dei suoi dati personali \u00e8 necessaria per dar corso alla richiesta, pertanto in caso di mancata comunicazione di tali dati non potremmo procedere delle attivit\u00e0 da essa previste;<\/li>\n \t<li style=\"text-align: left;\">I suoi dati non saranno oggetto di alcun processo decisionale automatizzato<\/li>\n<\/ul>\n<div>Contatto Responsabile della protezione dei dati (Data Protection Officer):<img decoding=\"async\" src=\"https:\/\/www.safilens.com\/wp-content\/uploads\/2025\/04\/DPO.png\" style=\"padding-top: 0px; display: block\" alt=\"DPO email\" \/><\/div><\/div>\n        \t\t\t\t<\/div>\n\t\t\t\t<\/div>\n\t\t\t\t\t<\/div>\n\t\t<\/div>\n\t\t\t\t\t<\/div>\n\t\t<\/section>\n\t\t\t\t<\/div>","protected":false},"excerpt":{"rendered":"<p>Informativa resa ai sensi degli art. 13-14 del GDPR (General Data Protection Regulation) 2016\/679 Data: 19\/05\/2022 Rev 0.3 Gentile Interessato, di seguito le forniamo alcune informazioni che \u00e8 necessario portare alla sua conoscenza, non solo per ottemperare agli obblighi di legge, ma anche perch\u00e9 la trasparenza e la correttezza nei confronti della nostra clientela e &hellip; <\/p>\n<p class=\"more-link-wrap\"><a href=\"https:\/\/www.safilens.com\/de\/informativa-clienti\/\" class=\"more-link\"><span>Read More<span class=\"screen-reader-text\"> &#8220;Informativa clienti\/fornitori&#8221;<\/span><\/span><i class=\"opal-icon-arrow-right\" aria-hidden=\"true\"><\/i><\/a><\/p>","protected":false},"author":5,"featured_media":0,"parent":0,"menu_order":0,"comment_status":"closed","ping_status":"closed","template":"","meta":{"inline_featured_image":false,"footnotes":""},"class_list":["post-83","page","type-page","status-publish","hentry"],"_links":{"self":[{"href":"https:\/\/www.safilens.com\/de\/wp-json\/wp\/v2\/pages\/83","targetHints":{"allow":["GET"]}}],"collection":[{"href":"https:\/\/www.safilens.com\/de\/wp-json\/wp\/v2\/pages"}],"about":[{"href":"https:\/\/www.safilens.com\/de\/wp-json\/wp\/v2\/types\/page"}],"author":[{"embeddable":true,"href":"https:\/\/www.safilens.com\/de\/wp-json\/wp\/v2\/users\/5"}],"replies":[{"embeddable":true,"href":"https:\/\/www.safilens.com\/de\/wp-json\/wp\/v2\/comments?post=83"}],"version-history":[{"count":42,"href":"https:\/\/www.safilens.com\/de\/wp-json\/wp\/v2\/pages\/83\/revisions"}],"predecessor-version":[{"id":8152,"href":"https:\/\/www.safilens.com\/de\/wp-json\/wp\/v2\/pages\/83\/revisions\/8152"}],"wp:attachment":[{"href":"https:\/\/www.safilens.com\/de\/wp-json\/wp\/v2\/media?parent=83"}],"curies":[{"name":"wp","href":"https:\/\/api.w.org\/{rel}","templated":true}]}}