{"id":6664,"date":"2021-09-23T10:17:00","date_gmt":"2021-09-23T08:17:00","guid":{"rendered":"https:\/\/dev.layertre.it\/safilens\/?page_id=6664"},"modified":"2021-11-16T09:09:13","modified_gmt":"2021-11-16T08:09:13","slug":"vigilanza","status":"publish","type":"page","link":"https:\/\/www.safilens.com\/de\/vigilanza\/","title":{"rendered":"\u00dcberwachung von Medizinprodukten"},"content":{"rendered":"<div data-elementor-type=\"wp-page\" data-elementor-id=\"6664\" class=\"elementor elementor-6664\">\n\t\t\t\t\t\t<section class=\"elementor-section elementor-top-section elementor-element elementor-element-3990cda elementor-section-boxed elementor-section-height-default elementor-section-height-default\" data-id=\"3990cda\" data-element_type=\"section\" data-e-type=\"section\">\n\t\t\t\t\t\t<div class=\"elementor-container elementor-column-gap-default\">\n\t\t\t\t\t<div class=\"elementor-column elementor-col-100 elementor-top-column elementor-element elementor-element-bd29006\" data-id=\"bd29006\" data-element_type=\"column\" data-e-type=\"column\">\n\t\t\t<div class=\"elementor-widget-wrap elementor-element-populated\">\n\t\t\t\t\t\t<div class=\"elementor-element elementor-element-ac01cda elementor-position-below elementor-widget elementor-widget-heading\" data-id=\"ac01cda\" data-element_type=\"widget\" data-e-type=\"widget\" data-widget_type=\"heading.default\">\n\t\t\t\t<div class=\"elementor-widget-container\">\n\t\t\t\t\t<div class=\"elementor-heading-wrapper\" ><div class=\"elementor-heading-wrapper-inner\"><h2 class=\"elementor-heading-title elementor-size-default\">Das \u00dcberwachungssystem f\u00fcr Medizinprodukte zielt darauf ab, das Schutz- und Sicherheitsniveau von Patienten, Benutzern und anderen zu verbessern und die M\u00f6glichkeit zu verringern, dass sich derselbe Vorfall anderenorts zu einem sp\u00e4teren Zeitpunkt  wiederholt.<\/h2><span class=\"sub-title\">Das Gesundheitsministerium hat auf nationaler Ebene die Aufgabe, Vorkommnisse mit Medizinprodukten zu bewerten und zu klassifizieren und innerhalb der Gemeinschaft durch integrierte \u00dcberwachungssysteme zwischen den Mitgliedstaaten und der Europ\u00e4ischen Kommission ein hohes Gesundheitsschutzniveau zu gew\u00e4hrleisten.<\/span><\/div><\/div>\t\t\t\t<\/div>\n\t\t\t\t<\/div>\n\t\t\t\t\t<\/div>\n\t\t<\/div>\n\t\t\t\t\t<\/div>\n\t\t<\/section>\n\t\t\t\t<section class=\"elementor-section elementor-top-section elementor-element elementor-element-f24deaa elementor-section-boxed elementor-section-height-default elementor-section-height-default\" data-id=\"f24deaa\" data-element_type=\"section\" data-e-type=\"section\">\n\t\t\t\t\t\t<div class=\"elementor-container elementor-column-gap-default\">\n\t\t\t\t\t<div class=\"elementor-column elementor-col-100 elementor-top-column elementor-element elementor-element-90f3661\" data-id=\"90f3661\" data-element_type=\"column\" data-e-type=\"column\">\n\t\t\t<div class=\"elementor-widget-wrap elementor-element-populated\">\n\t\t\t\t\t\t<div class=\"elementor-element elementor-element-67ea6b5 elementor-widget elementor-widget-text-editor\" data-id=\"67ea6b5\" data-element_type=\"widget\" data-e-type=\"widget\" data-widget_type=\"text-editor.default\">\n\t\t\t\t<div class=\"elementor-widget-container\">\n\t\t\t\t\t        <div class=\"elementor-text-editor elementor-clearfix\"><div id=\"c1578\" class=\"csc-default frame frame-default frame-type-text frame-layout-0\"><ul><li>Die Aufsichtsbeh\u00f6rde erhebt und wertet Sicherheitsinformationen zu Medizinprodukten aus, um den Erhalt ihres Nutzen-Risiko-Verh\u00e4ltnisses f\u00fcr die Bev\u00f6lkerung zu \u00fcberwachen.<\/li><li>Dar\u00fcber hinaus nutzt die Bundesanstalt Daten aus klinischen Studien, aber auch Spontanmeldungen von Nebenwirkungen, die von allen B\u00fcrgern gemacht werden k\u00f6nnen.<\/li><li>Die M\u00f6glichkeiten, eine Nebenwirkung zu melden, finden Sie auf der Website des <a href=\"https:\/\/www.salute.gov.it\/portale\/temi\/p2_6.jsp?lingua=italiano&amp;id=26&amp;area=dispositivi-medici&amp;menu=vigilanza\">Gesundheitsministers<\/a><\/li><\/ul><p>\u00a0<\/p><p>Um die \u00dcberwachung der Medizinprodukte von Safilens zu kontaktieren, k\u00f6nnen Sie die folgenden Kontaktdaten verwenden: <\/p><p>Telefon: +39 0481 480421<\/p><p>Fax: +39 0481 1990421<\/p><p>e-mail: <a href=\"mailto:vigilanza@safilens.com\">vigilanza@safilens.com<\/a><\/p><\/div><\/div>\n        \t\t\t\t<\/div>\n\t\t\t\t<\/div>\n\t\t\t\t\t<\/div>\n\t\t<\/div>\n\t\t\t\t\t<\/div>\n\t\t<\/section>\n\t\t\t\t<\/div>","protected":false},"excerpt":{"rendered":"<p>Il Sistema di Vigilanza sui Dispositivi Medici si prefigge di migliorare il livello di protezione e di sicurezza dei pazienti, degli utilizzatori e di altri, riducendo la possibilit\u00e0 che il medesimo incidente si ripeta in luoghi diversi in tempi successivi Il Ministero della Salute ha il ruolo, in ambito nazionale, di valutare e classificare gli &hellip; <\/p>\n<p class=\"more-link-wrap\"><a href=\"https:\/\/www.safilens.com\/de\/vigilanza\/\" class=\"more-link\"><span>Read More<span class=\"screen-reader-text\"> &#8220;Vigilanza Dispositivi Medici&#8221;<\/span><\/span><i class=\"opal-icon-arrow-right\" aria-hidden=\"true\"><\/i><\/a><\/p>","protected":false},"author":5,"featured_media":0,"parent":0,"menu_order":0,"comment_status":"closed","ping_status":"closed","template":"","meta":{"inline_featured_image":false,"footnotes":""},"class_list":["post-6664","page","type-page","status-publish","hentry"],"_links":{"self":[{"href":"https:\/\/www.safilens.com\/de\/wp-json\/wp\/v2\/pages\/6664","targetHints":{"allow":["GET"]}}],"collection":[{"href":"https:\/\/www.safilens.com\/de\/wp-json\/wp\/v2\/pages"}],"about":[{"href":"https:\/\/www.safilens.com\/de\/wp-json\/wp\/v2\/types\/page"}],"author":[{"embeddable":true,"href":"https:\/\/www.safilens.com\/de\/wp-json\/wp\/v2\/users\/5"}],"replies":[{"embeddable":true,"href":"https:\/\/www.safilens.com\/de\/wp-json\/wp\/v2\/comments?post=6664"}],"version-history":[{"count":7,"href":"https:\/\/www.safilens.com\/de\/wp-json\/wp\/v2\/pages\/6664\/revisions"}],"predecessor-version":[{"id":6705,"href":"https:\/\/www.safilens.com\/de\/wp-json\/wp\/v2\/pages\/6664\/revisions\/6705"}],"wp:attachment":[{"href":"https:\/\/www.safilens.com\/de\/wp-json\/wp\/v2\/media?parent=6664"}],"curies":[{"name":"wp","href":"https:\/\/api.w.org\/{rel}","templated":true}]}}