{"id":6084,"date":"2021-08-09T12:23:26","date_gmt":"2021-08-09T10:23:26","guid":{"rendered":"https:\/\/dev.layertre.it\/safilens\/?page_id=6084"},"modified":"2021-11-16T09:09:12","modified_gmt":"2021-11-16T08:09:12","slug":"drops","status":"publish","type":"page","link":"https:\/\/www.safilens.com\/de\/products\/drops\/","title":{"rendered":"Augentropfen"},"content":{"rendered":"<div data-elementor-type=\"wp-page\" data-elementor-id=\"6084\" class=\"elementor elementor-6084\">\n\t\t\t\t\t\t<section class=\"elementor-section elementor-top-section elementor-element elementor-element-99fe071 elementor-section-stretched elementor-section-boxed elementor-section-height-default elementor-section-height-default\" data-id=\"99fe071\" data-element_type=\"section\" data-e-type=\"section\" data-settings=\"{&quot;stretch_section&quot;:&quot;section-stretched&quot;}\">\n\t\t\t\t\t\t<div class=\"elementor-container elementor-column-gap-no\">\n\t\t\t\t\t<div class=\"elementor-column elementor-col-33 elementor-top-column elementor-element elementor-element-6e8c684\" data-id=\"6e8c684\" data-element_type=\"column\" data-e-type=\"column\">\n\t\t\t<div class=\"elementor-widget-wrap elementor-element-populated\">\n\t\t\t\t\t\t<div class=\"elementor-element elementor-element-62d4fae elementor-widget elementor-widget-image\" data-id=\"62d4fae\" data-element_type=\"widget\" data-e-type=\"widget\" data-widget_type=\"image.default\">\n\t\t\t\t<div class=\"elementor-widget-container\">\n\t\t\t\t\t\t\t\t\t\t\t\t\t\t\t<img fetchpriority=\"high\" decoding=\"async\" width=\"300\" height=\"300\" src=\"https:\/\/www.safilens.com\/wp-content\/uploads\/2021\/08\/DTUME10-300x300.png\" class=\"attachment-medium size-medium wp-image-6086\" alt=\"\" srcset=\"https:\/\/www.safilens.com\/wp-content\/uploads\/2021\/08\/DTUME10-300x300.png 300w, https:\/\/www.safilens.com\/wp-content\/uploads\/2021\/08\/DTUME10-1024x1024.png 1024w, https:\/\/www.safilens.com\/wp-content\/uploads\/2021\/08\/DTUME10-150x150.png 150w, https:\/\/www.safilens.com\/wp-content\/uploads\/2021\/08\/DTUME10-768x768.png 768w, https:\/\/www.safilens.com\/wp-content\/uploads\/2021\/08\/DTUME10-1536x1536.png 1536w, https:\/\/www.safilens.com\/wp-content\/uploads\/2021\/08\/DTUME10-2048x2048.png 2048w, https:\/\/www.safilens.com\/wp-content\/uploads\/2021\/08\/DTUME10-12x12.png 12w, https:\/\/www.safilens.com\/wp-content\/uploads\/2021\/08\/DTUME10-700x700.png 700w, https:\/\/www.safilens.com\/wp-content\/uploads\/2021\/08\/DTUME10-100x100.png 100w\" sizes=\"(max-width: 300px) 100vw, 300px\" \/>\t\t\t\t\t\t\t\t\t\t\t\t\t\t\t<\/div>\n\t\t\t\t<\/div>\n\t\t\t\t\t<\/div>\n\t\t<\/div>\n\t\t\t\t<div class=\"elementor-column elementor-col-66 elementor-top-column elementor-element elementor-element-0f4bb37\" data-id=\"0f4bb37\" data-element_type=\"column\" data-e-type=\"column\">\n\t\t\t<div class=\"elementor-widget-wrap elementor-element-populated\">\n\t\t\t\t\t\t<div class=\"elementor-element elementor-element-20685f3 elementor-position-below elementor-widget elementor-widget-heading\" data-id=\"20685f3\" data-element_type=\"widget\" data-e-type=\"widget\" data-widget_type=\"heading.default\">\n\t\t\t\t<div class=\"elementor-widget-container\">\n\t\t\t\t\t<div class=\"elementor-heading-wrapper\" ><div class=\"elementor-heading-wrapper-inner\"><h2 class=\"elementor-heading-title elementor-size-default\">DROP therapeutic<\/h2><span class=\"sub-title\">Befeuchtende Augentropfen<\/span><\/div><\/div>\t\t\t\t<\/div>\n\t\t\t\t<\/div>\n\t\t\t\t<div class=\"elementor-element elementor-element-50b20ae elementor-widget elementor-widget-text-editor\" data-id=\"50b20ae\" data-element_type=\"widget\" data-e-type=\"widget\" data-widget_type=\"text-editor.default\">\n\t\t\t\t<div class=\"elementor-widget-container\">\n\t\t\t\t\t        <div class=\"elementor-text-editor elementor-clearfix\"><p>Stellt die Stoffwechselaktivit\u00e4t der Augen und den Austausch des Tr\u00e4nenfilms wieder her.<\/p><\/div>\n        \t\t\t\t<\/div>\n\t\t\t\t<\/div>\n\t\t\t\t<section class=\"elementor-section elementor-inner-section elementor-element elementor-element-d39184f elementor-section-boxed elementor-section-height-default elementor-section-height-default\" data-id=\"d39184f\" data-element_type=\"section\" data-e-type=\"section\">\n\t\t\t\t\t\t<div class=\"elementor-container elementor-column-gap-no\">\n\t\t\t\t\t<div class=\"elementor-column elementor-col-50 elementor-inner-column elementor-element elementor-element-f501958\" data-id=\"f501958\" data-element_type=\"column\" data-e-type=\"column\">\n\t\t\t<div class=\"elementor-widget-wrap elementor-element-populated\">\n\t\t\t\t\t\t<div class=\"elementor-element elementor-element-a0abbc9 elementor-widget elementor-widget-icon-list\" data-id=\"a0abbc9\" data-element_type=\"widget\" data-e-type=\"widget\" data-widget_type=\"icon-list.default\">\n\t\t\t\t<div class=\"elementor-widget-container\">\n\t\t\t\t\t        <ul class=\"elementor-icon-list-items\">\n                            <li class=\"elementor-icon-list-item\" >\n                                                <span class=\"elementor-icon-list-icon\">\n                                <i class=\"opal-icon-check-circle\" aria-hidden=\"true\"><\/i>\n                            <\/span>\n                                                <span class=\"elementor-icon-list-text\">Bei Keratokonus und anderen Hornhautektasen<\/span>\n                                    <\/li>\n                            <li class=\"elementor-icon-list-item\" >\n                                                <span class=\"elementor-icon-list-icon\">\n                                <i class=\"opal-icon-check-circle\" aria-hidden=\"true\"><\/i>\n                            <\/span>\n                                                <span class=\"elementor-icon-list-text\">Nach kornealer Cross-Linking Behandlung<\/span>\n                                    <\/li>\n                            <li class=\"elementor-icon-list-item\" >\n                                                <span class=\"elementor-icon-list-icon\">\n                                <i class=\"opal-icon-check-circle\" aria-hidden=\"true\"><\/i>\n                            <\/span>\n                                                <span class=\"elementor-icon-list-text\">Bei Ortho-K Versorgung<\/span>\n                                    <\/li>\n                            <li class=\"elementor-icon-list-item\" >\n                                                <span class=\"elementor-icon-list-icon\">\n                                <i class=\"opal-icon-check-circle\" aria-hidden=\"true\"><\/i>\n                            <\/span>\n                                                <span class=\"elementor-icon-list-text\">Schutz vor UV und BLAULICHT<\/span>\n                                    <\/li>\n                            <li class=\"elementor-icon-list-item\" >\n                                                <span class=\"elementor-icon-list-icon\">\n                                <i class=\"opal-icon-check-circle\" aria-hidden=\"true\"><\/i>\n                            <\/span>\n                                                <span class=\"elementor-icon-list-text\">Bei posttraumatischer Behandlung nach Fremdk\u00f6rper<\/span>\n                                    <\/li>\n                            <li class=\"elementor-icon-list-item\" >\n                                                <span class=\"elementor-icon-list-icon\">\n                                <i class=\"opal-icon-check-circle\" aria-hidden=\"true\"><\/i>\n                            <\/span>\n                                                <span class=\"elementor-icon-list-text\">Trockenes Auge und Computer Vision Syndrome<\/span>\n                                    <\/li>\n                            <li class=\"elementor-icon-list-item\" >\n                                                <span class=\"elementor-icon-list-icon\">\n                                <i class=\"opal-icon-check-circle\" aria-hidden=\"true\"><\/i>\n                            <\/span>\n                                                <span class=\"elementor-icon-list-text\">Bei l\u00e4ngeren Tragezeiten von Kontaktlinsen, auch Formstabile- und Sklerallinsen.<\/span>\n                                    <\/li>\n                    <\/ul>\n        \t\t\t\t<\/div>\n\t\t\t\t<\/div>\n\t\t\t\t\t<\/div>\n\t\t<\/div>\n\t\t\t\t<div class=\"elementor-column elementor-col-50 elementor-inner-column elementor-element elementor-element-69c71c8\" data-id=\"69c71c8\" data-element_type=\"column\" data-e-type=\"column\">\n\t\t\t<div class=\"elementor-widget-wrap elementor-element-populated\">\n\t\t\t\t\t\t<div class=\"elementor-element elementor-element-7d46637 elementor-widget elementor-widget-icon-list\" data-id=\"7d46637\" data-element_type=\"widget\" data-e-type=\"widget\" data-widget_type=\"icon-list.default\">\n\t\t\t\t<div class=\"elementor-widget-container\">\n\t\t\t\t\t        <ul class=\"elementor-icon-list-items\">\n                            <li class=\"elementor-icon-list-item\" >\n                                                <span class=\"elementor-icon-list-icon\">\n                                <i class=\"opal-icon-next-circle\" aria-hidden=\"true\"><\/i>\n                            <\/span>\n                                                <span class=\"elementor-icon-list-text\">ZUSAMMENSETZUNG: Riboflavin, Vitamin E TPGS, Hyalurons\u00e4ure, Aminos\u00e4uren. Natriumphosphat, Natriumchlorid, L-Glycin, L-Prolin, L-Lysin, L-Leucin, gereinigtes Wasser. Frei von Konservierungsstoffen.<\/span>\n                                    <\/li>\n                            <li class=\"elementor-icon-list-item\" >\n                                                <span class=\"elementor-icon-list-icon\">\n                                <i class=\"opal-icon-next-circle\" aria-hidden=\"true\"><\/i>\n                            <\/span>\n                                                <span class=\"elementor-icon-list-text\">FLASCHENGR\u00d6SSE: 10ml<\/span>\n                                    <\/li>\n                            <li class=\"elementor-icon-list-item\" >\n                                                <span class=\"elementor-icon-list-icon\">\n                                <i class=\"opal-icon-next-circle\" aria-hidden=\"true\"><\/i>\n                            <\/span>\n                                                <span class=\"elementor-icon-list-text\">VERPACKUNGSEINHEIT: 1 Thekendisplay (20 Flaschen)<\/span>\n                                    <\/li>\n                            <li class=\"elementor-icon-list-item\" >\n                                                <span class=\"elementor-icon-list-icon\">\n                                <i class=\"opal-icon-next-circle\" aria-hidden=\"true\"><\/i>\n                            <\/span>\n                                                <span class=\"elementor-icon-list-text\">INDIKATIONEN: Augentropfen gegen Sch\u00e4digung des Hornhautepithels. Sie stellen die Stoffwechselaktivit\u00e4t der Augen und den Austausch des Tr\u00e4nenfilms wieder her und f\u00f6rdern die Benetzbarkeit der Augenoberfl\u00e4che. Nat\u00fcrliches Antioxidans gegen Sch\u00e4den durch UV-Strahlen und hochenergetisches sichtbares Licht (HEV-Licht), sie f\u00f6rdern die nat\u00fcrlichen Reparaturprozesse. Sie sind bei Keratokonus und andere Hornhautektasen, Hornhautvernetzungsbehandlungen und Kontaktlinsentr\u00e4gern indiziert.<\/span>\n                                    <\/li>\n                    <\/ul>\n        \t\t\t\t<\/div>\n\t\t\t\t<\/div>\n\t\t\t\t\t<\/div>\n\t\t<\/div>\n\t\t\t\t\t<\/div>\n\t\t<\/section>\n\t\t\t\t\t<\/div>\n\t\t<\/div>\n\t\t\t\t\t<\/div>\n\t\t<\/section>\n\t\t\t\t<section class=\"elementor-section elementor-top-section elementor-element elementor-element-8ce70ab elementor-section-stretched elementor-section-boxed elementor-section-height-default elementor-section-height-default\" data-id=\"8ce70ab\" data-element_type=\"section\" data-e-type=\"section\" data-settings=\"{&quot;stretch_section&quot;:&quot;section-stretched&quot;}\">\n\t\t\t\t\t\t<div class=\"elementor-container elementor-column-gap-no\">\n\t\t\t\t\t<div class=\"elementor-column elementor-col-33 elementor-top-column elementor-element elementor-element-96b8ca8\" data-id=\"96b8ca8\" data-element_type=\"column\" data-e-type=\"column\">\n\t\t\t<div class=\"elementor-widget-wrap elementor-element-populated\">\n\t\t\t\t\t\t<div class=\"elementor-element elementor-element-6b517dc elementor-widget elementor-widget-image\" data-id=\"6b517dc\" data-element_type=\"widget\" data-e-type=\"widget\" data-widget_type=\"image.default\">\n\t\t\t\t<div class=\"elementor-widget-container\">\n\t\t\t\t\t\t\t\t\t\t\t\t\t\t\t<img decoding=\"async\" width=\"273\" height=\"300\" src=\"https:\/\/www.safilens.com\/wp-content\/uploads\/2021\/09\/SGUME15-e1632389412363-273x300.png\" class=\"attachment-medium size-medium wp-image-6710\" alt=\"\" srcset=\"https:\/\/www.safilens.com\/wp-content\/uploads\/2021\/09\/SGUME15-e1632389412363-273x300.png 273w, https:\/\/www.safilens.com\/wp-content\/uploads\/2021\/09\/SGUME15-e1632389412363-932x1024.png 932w, https:\/\/www.safilens.com\/wp-content\/uploads\/2021\/09\/SGUME15-e1632389412363-768x844.png 768w, https:\/\/www.safilens.com\/wp-content\/uploads\/2021\/09\/SGUME15-e1632389412363-11x12.png 11w, https:\/\/www.safilens.com\/wp-content\/uploads\/2021\/09\/SGUME15-e1632389412363-700x769.png 700w, https:\/\/www.safilens.com\/wp-content\/uploads\/2021\/09\/SGUME15-e1632389412363.png 1212w\" sizes=\"(max-width: 273px) 100vw, 273px\" \/>\t\t\t\t\t\t\t\t\t\t\t\t\t\t\t<\/div>\n\t\t\t\t<\/div>\n\t\t\t\t\t<\/div>\n\t\t<\/div>\n\t\t\t\t<div class=\"elementor-column elementor-col-66 elementor-top-column elementor-element elementor-element-96dbc80\" data-id=\"96dbc80\" data-element_type=\"column\" data-e-type=\"column\">\n\t\t\t<div class=\"elementor-widget-wrap elementor-element-populated\">\n\t\t\t\t\t\t<div class=\"elementor-element elementor-element-f696675 elementor-position-below elementor-widget elementor-widget-heading\" data-id=\"f696675\" data-element_type=\"widget\" data-e-type=\"widget\" data-widget_type=\"heading.default\">\n\t\t\t\t<div class=\"elementor-widget-container\">\n\t\t\t\t\t<div class=\"elementor-heading-wrapper\" ><div class=\"elementor-heading-wrapper-inner\"><h2 class=\"elementor-heading-title elementor-size-default\">Safe-Gel Hyal Comfort Drops<\/h2><span class=\"sub-title\">Augentropfen mit Hyalurons\u00e4ure 0.2% <\/span><\/div><\/div>\t\t\t\t<\/div>\n\t\t\t\t<\/div>\n\t\t\t\t<div class=\"elementor-element elementor-element-459f62c elementor-widget elementor-widget-text-editor\" data-id=\"459f62c\" data-element_type=\"widget\" data-e-type=\"widget\" data-widget_type=\"text-editor.default\">\n\t\t\t\t<div class=\"elementor-widget-container\">\n\t\t\t\t\t        <div class=\"elementor-text-editor elementor-clearfix\"><p>Augentropfen zur Linderung von R\u00f6tungen, Reizungen, M\u00fcdigkeit, Juckreiz und trockenen Augen.<\/p><\/div>\n        \t\t\t\t<\/div>\n\t\t\t\t<\/div>\n\t\t\t\t<section class=\"elementor-section elementor-inner-section elementor-element elementor-element-f241549 elementor-section-boxed elementor-section-height-default elementor-section-height-default\" data-id=\"f241549\" data-element_type=\"section\" data-e-type=\"section\">\n\t\t\t\t\t\t<div class=\"elementor-container elementor-column-gap-no\">\n\t\t\t\t\t<div class=\"elementor-column elementor-col-50 elementor-inner-column elementor-element elementor-element-4ddca46\" data-id=\"4ddca46\" data-element_type=\"column\" data-e-type=\"column\">\n\t\t\t<div class=\"elementor-widget-wrap elementor-element-populated\">\n\t\t\t\t\t\t<div class=\"elementor-element elementor-element-6adadb4 elementor-widget elementor-widget-icon-list\" data-id=\"6adadb4\" data-element_type=\"widget\" data-e-type=\"widget\" data-widget_type=\"icon-list.default\">\n\t\t\t\t<div class=\"elementor-widget-container\">\n\t\t\t\t\t        <ul class=\"elementor-icon-list-items\">\n                            <li class=\"elementor-icon-list-item\" >\n                                                <span class=\"elementor-icon-list-icon\">\n                                <i class=\"opal-icon-check-circle\" aria-hidden=\"true\"><\/i>\n                            <\/span>\n                                                <span class=\"elementor-icon-list-text\">Bei trockenen Augen<\/span>\n                                    <\/li>\n                            <li class=\"elementor-icon-list-item\" >\n                                                <span class=\"elementor-icon-list-icon\">\n                                <i class=\"opal-icon-check-circle\" aria-hidden=\"true\"><\/i>\n                            <\/span>\n                                                <span class=\"elementor-icon-list-text\">Bei Augenr\u00f6tung<\/span>\n                                    <\/li>\n                            <li class=\"elementor-icon-list-item\" >\n                                                <span class=\"elementor-icon-list-icon\">\n                                <i class=\"opal-icon-check-circle\" aria-hidden=\"true\"><\/i>\n                            <\/span>\n                                                <span class=\"elementor-icon-list-text\">Bei Reizungen<\/span>\n                                    <\/li>\n                            <li class=\"elementor-icon-list-item\" >\n                                                <span class=\"elementor-icon-list-icon\">\n                                <i class=\"opal-icon-check-circle\" aria-hidden=\"true\"><\/i>\n                            <\/span>\n                                                <span class=\"elementor-icon-list-text\">Bei m\u00fcden Augen<\/span>\n                                    <\/li>\n                            <li class=\"elementor-icon-list-item\" >\n                                                <span class=\"elementor-icon-list-icon\">\n                                <i class=\"opal-icon-check-circle\" aria-hidden=\"true\"><\/i>\n                            <\/span>\n                                                <span class=\"elementor-icon-list-text\">Bei Juckreiz<\/span>\n                                    <\/li>\n                    <\/ul>\n        \t\t\t\t<\/div>\n\t\t\t\t<\/div>\n\t\t\t\t\t<\/div>\n\t\t<\/div>\n\t\t\t\t<div class=\"elementor-column elementor-col-50 elementor-inner-column elementor-element elementor-element-d536557\" data-id=\"d536557\" data-element_type=\"column\" data-e-type=\"column\">\n\t\t\t<div class=\"elementor-widget-wrap elementor-element-populated\">\n\t\t\t\t\t\t<div class=\"elementor-element elementor-element-a09bec6 elementor-widget elementor-widget-icon-list\" data-id=\"a09bec6\" data-element_type=\"widget\" data-e-type=\"widget\" data-widget_type=\"icon-list.default\">\n\t\t\t\t<div class=\"elementor-widget-container\">\n\t\t\t\t\t        <ul class=\"elementor-icon-list-items\">\n                            <li class=\"elementor-icon-list-item\" >\n                                                <span class=\"elementor-icon-list-icon\">\n                                <i class=\"opal-icon-next-circle\" aria-hidden=\"true\"><\/i>\n                            <\/span>\n                                                <span class=\"elementor-icon-list-text\">ZUSAMMENSETZUNG: PoliEsaMetilenBiguanid: 0,0003%; Natriumhyaluronat 0,2%, Dinatrium-EDTA, Boratpuffer, Natriumchlorid, Hilfsstoffe und gereinigtes Wasser bis 100 %.<\/span>\n                                    <\/li>\n                            <li class=\"elementor-icon-list-item\" >\n                                                <span class=\"elementor-icon-list-icon\">\n                                <i class=\"opal-icon-next-circle\" aria-hidden=\"true\"><\/i>\n                            <\/span>\n                                                <span class=\"elementor-icon-list-text\">FLASCHENGR\u00d6SSE: 15ml<\/span>\n                                    <\/li>\n                            <li class=\"elementor-icon-list-item\" >\n                                                <span class=\"elementor-icon-list-icon\">\n                                <i class=\"opal-icon-next-circle\" aria-hidden=\"true\"><\/i>\n                            <\/span>\n                                                <span class=\"elementor-icon-list-text\">VERPACKUNGSEINHEIT: 1 Karton (24 Flaschen)<\/span>\n                                    <\/li>\n                    <\/ul>\n        \t\t\t\t<\/div>\n\t\t\t\t<\/div>\n\t\t\t\t\t<\/div>\n\t\t<\/div>\n\t\t\t\t\t<\/div>\n\t\t<\/section>\n\t\t\t\t\t<\/div>\n\t\t<\/div>\n\t\t\t\t\t<\/div>\n\t\t<\/section>\n\t\t\t\t<\/div>","protected":false},"excerpt":{"rendered":"<p>DROP therapeutic Gocce oculari lubrificanti Ristabilisce l\u2019attivit\u00e0 metabolica oculare e il turnover del film lacrimale Cheratocono e altre ectasie corneali Trattamenti di cross-linking corneale Trattamenti Ortho-K Protezione UV e luce BLU Trattamenti post traumatici da corpi estranei Dry eye e Computer Vision Syndrome Utilizzo prolungato di LAC, anche RGP e sclerali COMPOSIZIONE: Riboflavina, Vitamina E &hellip; <\/p>\n<p class=\"more-link-wrap\"><a href=\"https:\/\/www.safilens.com\/de\/products\/drops\/\" class=\"more-link\"><span>Read More<span class=\"screen-reader-text\"> &#8220;Umettanti&#8221;<\/span><\/span><i class=\"opal-icon-arrow-right\" aria-hidden=\"true\"><\/i><\/a><\/p>","protected":false},"author":5,"featured_media":0,"parent":617,"menu_order":7,"comment_status":"closed","ping_status":"closed","template":"","meta":{"inline_featured_image":false,"footnotes":""},"class_list":["post-6084","page","type-page","status-publish","hentry"],"_links":{"self":[{"href":"https:\/\/www.safilens.com\/de\/wp-json\/wp\/v2\/pages\/6084","targetHints":{"allow":["GET"]}}],"collection":[{"href":"https:\/\/www.safilens.com\/de\/wp-json\/wp\/v2\/pages"}],"about":[{"href":"https:\/\/www.safilens.com\/de\/wp-json\/wp\/v2\/types\/page"}],"author":[{"embeddable":true,"href":"https:\/\/www.safilens.com\/de\/wp-json\/wp\/v2\/users\/5"}],"replies":[{"embeddable":true,"href":"https:\/\/www.safilens.com\/de\/wp-json\/wp\/v2\/comments?post=6084"}],"version-history":[{"count":18,"href":"https:\/\/www.safilens.com\/de\/wp-json\/wp\/v2\/pages\/6084\/revisions"}],"predecessor-version":[{"id":6720,"href":"https:\/\/www.safilens.com\/de\/wp-json\/wp\/v2\/pages\/6084\/revisions\/6720"}],"up":[{"embeddable":true,"href":"https:\/\/www.safilens.com\/de\/wp-json\/wp\/v2\/pages\/617"}],"wp:attachment":[{"href":"https:\/\/www.safilens.com\/de\/wp-json\/wp\/v2\/media?parent=6084"}],"curies":[{"name":"wp","href":"https:\/\/api.w.org\/{rel}","templated":true}]}}