{"id":5999,"date":"2021-08-09T11:00:35","date_gmt":"2021-08-09T09:00:35","guid":{"rendered":"https:\/\/dev.layertre.it\/safilens\/?page_id=5999"},"modified":"2025-01-22T10:16:35","modified_gmt":"2025-01-22T09:16:35","slug":"delivery","status":"publish","type":"page","link":"https:\/\/www.safilens.com\/de\/products\/delivery\/","title":{"rendered":"Delivery"},"content":{"rendered":"<div data-elementor-type=\"wp-page\" data-elementor-id=\"5999\" class=\"elementor elementor-5999\">\n\t\t\t\t\t\t<section class=\"elementor-section elementor-top-section elementor-element elementor-element-2b70f3b elementor-section-stretched elementor-section-boxed elementor-section-height-default elementor-section-height-default\" data-id=\"2b70f3b\" data-element_type=\"section\" data-e-type=\"section\" data-settings=\"{&quot;stretch_section&quot;:&quot;section-stretched&quot;}\">\n\t\t\t\t\t\t<div class=\"elementor-container elementor-column-gap-no\">\n\t\t\t\t\t<div class=\"elementor-column elementor-col-33 elementor-top-column elementor-element elementor-element-dc3e656\" data-id=\"dc3e656\" data-element_type=\"column\" data-e-type=\"column\">\n\t\t\t<div class=\"elementor-widget-wrap elementor-element-populated\">\n\t\t\t\t\t\t<div class=\"elementor-element elementor-element-8e454a7 elementor-widget elementor-widget-image\" data-id=\"8e454a7\" data-element_type=\"widget\" data-e-type=\"widget\" data-widget_type=\"image.default\">\n\t\t\t\t<div class=\"elementor-widget-container\">\n\t\t\t\t\t\t\t\t\t\t\t\t\t\t\t<img fetchpriority=\"high\" decoding=\"async\" width=\"300\" height=\"249\" src=\"https:\/\/www.safilens.com\/wp-content\/uploads\/2021\/08\/DY1DTL30-e1628499268772-300x249.png\" class=\"attachment-medium size-medium wp-image-6000\" alt=\"\" srcset=\"https:\/\/www.safilens.com\/wp-content\/uploads\/2021\/08\/DY1DTL30-e1628499268772-300x249.png 300w, https:\/\/www.safilens.com\/wp-content\/uploads\/2021\/08\/DY1DTL30-e1628499268772-1024x849.png 1024w, https:\/\/www.safilens.com\/wp-content\/uploads\/2021\/08\/DY1DTL30-e1628499268772-768x637.png 768w, https:\/\/www.safilens.com\/wp-content\/uploads\/2021\/08\/DY1DTL30-e1628499268772-1536x1273.png 1536w, https:\/\/www.safilens.com\/wp-content\/uploads\/2021\/08\/DY1DTL30-e1628499268772-14x12.png 14w, https:\/\/www.safilens.com\/wp-content\/uploads\/2021\/08\/DY1DTL30-e1628499268772-700x580.png 700w, https:\/\/www.safilens.com\/wp-content\/uploads\/2021\/08\/DY1DTL30-e1628499268772.png 1650w\" sizes=\"(max-width: 300px) 100vw, 300px\" \/>\t\t\t\t\t\t\t\t\t\t\t\t\t\t\t<\/div>\n\t\t\t\t<\/div>\n\t\t\t\t\t<\/div>\n\t\t<\/div>\n\t\t\t\t<div class=\"elementor-column elementor-col-66 elementor-top-column elementor-element elementor-element-5f29728\" data-id=\"5f29728\" data-element_type=\"column\" data-e-type=\"column\">\n\t\t\t<div class=\"elementor-widget-wrap elementor-element-populated\">\n\t\t\t\t\t\t<div class=\"elementor-element elementor-element-d774410 elementor-position-below elementor-widget elementor-widget-heading\" data-id=\"d774410\" data-element_type=\"widget\" data-e-type=\"widget\" data-widget_type=\"heading.default\">\n\t\t\t\t<div class=\"elementor-widget-container\">\n\t\t\t\t\t<div class=\"elementor-heading-wrapper\" ><div class=\"elementor-heading-wrapper-inner\"><h2 class=\"elementor-heading-title elementor-size-default\"><a href=\"https:\/\/www.deliverycontacts.com\/\">Delivery Tyro<\/a><\/h2><span class=\"sub-title\">zur Normalisierung der Augenentwicklung<\/span><\/div><\/div>\t\t\t\t<\/div>\n\t\t\t\t<\/div>\n\t\t\t\t<div class=\"elementor-element elementor-element-c0cc6d6 elementor-widget elementor-widget-text-editor\" data-id=\"c0cc6d6\" data-element_type=\"widget\" data-e-type=\"widget\" data-widget_type=\"text-editor.default\">\n\t\t\t\t<div class=\"elementor-widget-container\">\n\t\t\t\t\t        <div class=\"elementor-text-editor elementor-clearfix\"><p class=\"translation-block\">Tageslinsen aus Hydrogel, angereichert mit <strong> <em> Lachryceuticals\u00ae <\/em> <\/strong>. Neben Hyalurons\u00e4ure und <em> TSP\u00ae <\/em> wird auch <strong> Tyrosin <\/strong>, eine Aminos\u00e4urevorstufe von Dopamin, dem Neurotransmitter, der nachweislich die anatomische Entwicklung des Auges reguliert, an das Auge abgegeben.<\/p><\/div>\n        \t\t\t\t<\/div>\n\t\t\t\t<\/div>\n\t\t\t\t<section class=\"elementor-section elementor-inner-section elementor-element elementor-element-65d8204 elementor-section-boxed elementor-section-height-default elementor-section-height-default\" data-id=\"65d8204\" data-element_type=\"section\" data-e-type=\"section\">\n\t\t\t\t\t\t<div class=\"elementor-container elementor-column-gap-no\">\n\t\t\t\t\t<div class=\"elementor-column elementor-col-50 elementor-inner-column elementor-element elementor-element-2b740e6\" data-id=\"2b740e6\" data-element_type=\"column\" data-e-type=\"column\">\n\t\t\t<div class=\"elementor-widget-wrap elementor-element-populated\">\n\t\t\t\t\t\t<div class=\"elementor-element elementor-element-b38f305 elementor-widget elementor-widget-icon-list\" data-id=\"b38f305\" data-element_type=\"widget\" data-e-type=\"widget\" data-widget_type=\"icon-list.default\">\n\t\t\t\t<div class=\"elementor-widget-container\">\n\t\t\t\t\t        <ul class=\"elementor-icon-list-items\">\n                            <li class=\"elementor-icon-list-item\" >\n                                                <span class=\"elementor-icon-list-icon\">\n                                <i class=\"opal-icon-check-circle\" aria-hidden=\"true\"><\/i>\n                            <\/span>\n                                                <span class=\"elementor-icon-list-text\">Tyrosin f\u00f6rdert die Biosynthese von Dopamin<\/span>\n                                    <\/li>\n                            <li class=\"elementor-icon-list-item\" >\n                                                <span class=\"elementor-icon-list-icon\">\n                                <i class=\"opal-icon-check-circle\" aria-hidden=\"true\"><\/i>\n                            <\/span>\n                                                <span class=\"elementor-icon-list-text\">Dopamin wirkt als Mediator in verschiedenen Funktionen, wie der Entwicklung der Augenanatomie, der visuellen Wahrnehmung und der refraktiven Entwicklung.<\/span>\n                                    <\/li>\n                            <li class=\"elementor-icon-list-item\" >\n                                                <span class=\"elementor-icon-list-icon\">\n                                <i class=\"opal-icon-check-circle\" aria-hidden=\"true\"><\/i>\n                            <\/span>\n                                                <span class=\"elementor-icon-list-text\">Durchl\u00e4ssig f\u00fcr die n\u00fctzlichen Wellenl\u00e4ngen des nat\u00fcrlichen Lichts.<\/span>\n                                    <\/li>\n                            <li class=\"elementor-icon-list-item\" >\n                                                <span class=\"elementor-icon-list-icon\">\n                                <i class=\"opal-icon-check-circle\" aria-hidden=\"true\"><\/i>\n                            <\/span>\n                                                <span class=\"elementor-icon-list-text\">Garantiert Komfort und Wohlf\u00fchlen durch die aktiven Eigenschaften des HA + TSP\u00ae Copolymers<\/span>\n                                    <\/li>\n                    <\/ul>\n        \t\t\t\t<\/div>\n\t\t\t\t<\/div>\n\t\t\t\t\t<\/div>\n\t\t<\/div>\n\t\t\t\t<div class=\"elementor-column elementor-col-50 elementor-inner-column elementor-element elementor-element-b1562bd\" data-id=\"b1562bd\" data-element_type=\"column\" data-e-type=\"column\">\n\t\t\t<div class=\"elementor-widget-wrap elementor-element-populated\">\n\t\t\t\t\t\t<div class=\"elementor-element elementor-element-2dab94a elementor-widget elementor-widget-icon-list\" data-id=\"2dab94a\" data-element_type=\"widget\" data-e-type=\"widget\" data-widget_type=\"icon-list.default\">\n\t\t\t\t<div class=\"elementor-widget-container\">\n\t\t\t\t\t        <ul class=\"elementor-icon-list-items\">\n                            <li class=\"elementor-icon-list-item\" >\n                                                <span class=\"elementor-icon-list-icon\">\n                                <i class=\"opal-icon-next-circle\" aria-hidden=\"true\"><\/i>\n                            <\/span>\n                                                <span class=\"elementor-icon-list-text\">MATERIAL: Vifilcon C<\/span>\n                                    <\/li>\n                            <li class=\"elementor-icon-list-item\" >\n                                                <span class=\"elementor-icon-list-icon\">\n                                <i class=\"opal-icon-next-circle\" aria-hidden=\"true\"><\/i>\n                            <\/span>\n                                                <span class=\"elementor-icon-list-text\">WASSERGEHALT: 60%<\/span>\n                                    <\/li>\n                            <li class=\"elementor-icon-list-item\" >\n                                                <span class=\"elementor-icon-list-icon\">\n                                <i class=\"opal-icon-next-circle\" aria-hidden=\"true\"><\/i>\n                            <\/span>\n                                                <span class=\"elementor-icon-list-text\">DURCHMESSER: 14.10mm<\/span>\n                                    <\/li>\n                            <li class=\"elementor-icon-list-item\" >\n                                                <span class=\"elementor-icon-list-icon\">\n                                <i class=\"opal-icon-next-circle\" aria-hidden=\"true\"><\/i>\n                            <\/span>\n                                                <span class=\"elementor-icon-list-text\">BASISKURVE: 8.60mm<\/span>\n                                    <\/li>\n                            <li class=\"elementor-icon-list-item\" >\n                                                <span class=\"elementor-icon-list-icon\">\n                                <i class=\"opal-icon-next-circle\" aria-hidden=\"true\"><\/i>\n                            <\/span>\n                                                <span class=\"elementor-icon-list-text\">MITTENDICKE: 0.05mm<\/span>\n                                    <\/li>\n                            <li class=\"elementor-icon-list-item\" >\n                                                <span class=\"elementor-icon-list-icon\">\n                                <i class=\"opal-icon-next-circle\" aria-hidden=\"true\"><\/i>\n                            <\/span>\n                                                <span class=\"elementor-icon-list-text\">LIEFERBEREICH: -0.50\/-6.00 (0.25) -6.50\/-12.00 (0.50)<\/span>\n                                    <\/li>\n                            <li class=\"elementor-icon-list-item\" >\n                                                <span class=\"elementor-icon-list-icon\">\n                                <i class=\"opal-icon-next-circle\" aria-hidden=\"true\"><\/i>\n                            <\/span>\n                                                <span class=\"elementor-icon-list-text\">PACKUNGSGR\u00d6SSEN: 30er Pack<\/span>\n                                    <\/li>\n                    <\/ul>\n        \t\t\t\t<\/div>\n\t\t\t\t<\/div>\n\t\t\t\t\t<\/div>\n\t\t<\/div>\n\t\t\t\t\t<\/div>\n\t\t<\/section>\n\t\t\t\t\t<\/div>\n\t\t<\/div>\n\t\t\t\t\t<\/div>\n\t\t<\/section>\n\t\t\t\t<section class=\"elementor-section elementor-top-section elementor-element elementor-element-82f5e1f elementor-section-stretched elementor-section-boxed elementor-section-height-default elementor-section-height-default\" data-id=\"82f5e1f\" data-element_type=\"section\" data-e-type=\"section\" data-settings=\"{&quot;stretch_section&quot;:&quot;section-stretched&quot;}\">\n\t\t\t\t\t\t<div class=\"elementor-container elementor-column-gap-no\">\n\t\t\t\t\t<div class=\"elementor-column elementor-col-33 elementor-top-column elementor-element elementor-element-3982c23\" data-id=\"3982c23\" data-element_type=\"column\" data-e-type=\"column\">\n\t\t\t<div class=\"elementor-widget-wrap elementor-element-populated\">\n\t\t\t\t\t\t<div class=\"elementor-element elementor-element-b7b5121 elementor-widget elementor-widget-image\" data-id=\"b7b5121\" data-element_type=\"widget\" data-e-type=\"widget\" data-widget_type=\"image.default\">\n\t\t\t\t<div class=\"elementor-widget-container\">\n\t\t\t\t\t\t\t\t\t\t\t\t\t\t\t<img decoding=\"async\" width=\"300\" height=\"300\" src=\"https:\/\/www.safilens.com\/wp-content\/uploads\/2025\/01\/DR-05-300x300.png\" class=\"attachment-medium size-medium wp-image-8122\" alt=\"\" srcset=\"https:\/\/www.safilens.com\/wp-content\/uploads\/2025\/01\/DR-05-300x300.png 300w, https:\/\/www.safilens.com\/wp-content\/uploads\/2025\/01\/DR-05-1024x1024.png 1024w, https:\/\/www.safilens.com\/wp-content\/uploads\/2025\/01\/DR-05-150x150.png 150w, https:\/\/www.safilens.com\/wp-content\/uploads\/2025\/01\/DR-05-768x768.png 768w, https:\/\/www.safilens.com\/wp-content\/uploads\/2025\/01\/DR-05-1536x1536.png 1536w, https:\/\/www.safilens.com\/wp-content\/uploads\/2025\/01\/DR-05-2048x2048.png 2048w, https:\/\/www.safilens.com\/wp-content\/uploads\/2025\/01\/DR-05-12x12.png 12w, https:\/\/www.safilens.com\/wp-content\/uploads\/2025\/01\/DR-05-700x700.png 700w, https:\/\/www.safilens.com\/wp-content\/uploads\/2025\/01\/DR-05-100x100.png 100w\" sizes=\"(max-width: 300px) 100vw, 300px\" \/>\t\t\t\t\t\t\t\t\t\t\t\t\t\t\t<\/div>\n\t\t\t\t<\/div>\n\t\t\t\t\t<\/div>\n\t\t<\/div>\n\t\t\t\t<div class=\"elementor-column elementor-col-66 elementor-top-column elementor-element elementor-element-795f41e\" data-id=\"795f41e\" data-element_type=\"column\" data-e-type=\"column\">\n\t\t\t<div class=\"elementor-widget-wrap elementor-element-populated\">\n\t\t\t\t\t\t<div class=\"elementor-element elementor-element-541dc13 elementor-position-below elementor-widget elementor-widget-heading\" data-id=\"541dc13\" data-element_type=\"widget\" data-e-type=\"widget\" data-widget_type=\"heading.default\">\n\t\t\t\t<div class=\"elementor-widget-container\">\n\t\t\t\t\t<div class=\"elementor-heading-wrapper\" ><div class=\"elementor-heading-wrapper-inner\"><h2 class=\"elementor-heading-title elementor-size-default\"><a href=\"https:\/\/www.deliverycontacts.com\/\">Delivery Ribo<\/a><\/h2><span class=\"sub-title\">Gegen Erm\u00fcdung durch Nutzung digitaler Ger\u00e4te und Schutz vor blauem, HEV- und UV-Licht<\/span><\/div><\/div>\t\t\t\t<\/div>\n\t\t\t\t<\/div>\n\t\t\t\t<div class=\"elementor-element elementor-element-4e2ad6c elementor-widget elementor-widget-text-editor\" data-id=\"4e2ad6c\" data-element_type=\"widget\" data-e-type=\"widget\" data-widget_type=\"text-editor.default\">\n\t\t\t\t<div class=\"elementor-widget-container\">\n\t\t\t\t\t        <div class=\"elementor-text-editor elementor-clearfix\"><p>Tageskontaktlinsen, angereichert mit Riboflavin, Vitamin E-TPGS, Hyalurons\u00e4ure und TSP\u00ae<\/p><\/div>\n        \t\t\t\t<\/div>\n\t\t\t\t<\/div>\n\t\t\t\t<section class=\"elementor-section elementor-inner-section elementor-element elementor-element-ecf8cbe elementor-section-boxed elementor-section-height-default elementor-section-height-default\" data-id=\"ecf8cbe\" data-element_type=\"section\" data-e-type=\"section\">\n\t\t\t\t\t\t<div class=\"elementor-container elementor-column-gap-no\">\n\t\t\t\t\t<div class=\"elementor-column elementor-col-50 elementor-inner-column elementor-element elementor-element-d5c75ae\" data-id=\"d5c75ae\" data-element_type=\"column\" data-e-type=\"column\">\n\t\t\t<div class=\"elementor-widget-wrap elementor-element-populated\">\n\t\t\t\t\t\t<div class=\"elementor-element elementor-element-a3e0cb3 elementor-widget elementor-widget-icon-list\" data-id=\"a3e0cb3\" data-element_type=\"widget\" data-e-type=\"widget\" data-widget_type=\"icon-list.default\">\n\t\t\t\t<div class=\"elementor-widget-container\">\n\t\t\t\t\t        <ul class=\"elementor-icon-list-items\">\n                            <li class=\"elementor-icon-list-item\" >\n                                                <span class=\"elementor-icon-list-icon\">\n                                <i class=\"opal-icon-check-circle\" aria-hidden=\"true\"><\/i>\n                            <\/span>\n                                                <span class=\"elementor-icon-list-text\">Riboflavin ist f\u00fcr die Gesundheit des Auges wertvoll, da es die Bindungen zwischen den Kollagenfasern, aus denen es besteht, st\u00e4rkt.<\/span>\n                                    <\/li>\n                            <li class=\"elementor-icon-list-item\" >\n                                                <span class=\"elementor-icon-list-icon\">\n                                <i class=\"opal-icon-check-circle\" aria-hidden=\"true\"><\/i>\n                            <\/span>\n                                                <span class=\"elementor-icon-list-text\">Vitamin E-TPGS ist ein Penetrationsverst\u00e4rker, der die Bioverf\u00fcgbarkeit von Riboflavin in den verschiedenen Hornhautschichten erh\u00f6ht und eine antioxidative und reparierende Wirkung gegen Sch\u00e4den durch UV-Strahlung und BLAUES Licht bietet<\/span>\n                                    <\/li>\n                            <li class=\"elementor-icon-list-item\" >\n                                                <span class=\"elementor-icon-list-icon\">\n                                <i class=\"opal-icon-check-circle\" aria-hidden=\"true\"><\/i>\n                            <\/span>\n                                                <span class=\"elementor-icon-list-text\">Sobald Riboflavin und Vitamin E-TPGS aus der Linse freigesetzt werden, interagieren sie mit der \u00e4u\u00dferen Lipidschicht des Tr\u00e4nenfilms und bilden eine Schutzbarriere, die eine \u00fcberm\u00e4\u00dfige Verdunstung der w\u00e4ssrigen Komponente verhindert.<\/span>\n                                    <\/li>\n                            <li class=\"elementor-icon-list-item\" >\n                                                <span class=\"elementor-icon-list-icon\">\n                                <i class=\"opal-icon-check-circle\" aria-hidden=\"true\"><\/i>\n                            <\/span>\n                                                <span class=\"elementor-icon-list-text\">Das Akkommodationsunterst\u00fctzende EDOF-Design verf\u00fcgt \u00fcber eine zentrale Zone f\u00fcr kontrollierte\npositive sph\u00e4rische Aberrationen und eine asph\u00e4rische monofokale Au\u00dfenzone.<\/span>\n                                    <\/li>\n                    <\/ul>\n        \t\t\t\t<\/div>\n\t\t\t\t<\/div>\n\t\t\t\t\t<\/div>\n\t\t<\/div>\n\t\t\t\t<div class=\"elementor-column elementor-col-50 elementor-inner-column elementor-element elementor-element-a7fc5ba\" data-id=\"a7fc5ba\" data-element_type=\"column\" data-e-type=\"column\">\n\t\t\t<div class=\"elementor-widget-wrap elementor-element-populated\">\n\t\t\t\t\t\t<div class=\"elementor-element elementor-element-3ec5427 elementor-widget elementor-widget-icon-list\" data-id=\"3ec5427\" data-element_type=\"widget\" data-e-type=\"widget\" data-widget_type=\"icon-list.default\">\n\t\t\t\t<div class=\"elementor-widget-container\">\n\t\t\t\t\t        <ul class=\"elementor-icon-list-items\">\n                            <li class=\"elementor-icon-list-item\" >\n                                                <span class=\"elementor-icon-list-icon\">\n                                <i class=\"opal-icon-next-circle\" aria-hidden=\"true\"><\/i>\n                            <\/span>\n                                                <span class=\"elementor-icon-list-text\">MATERIAL: Vifilcon C<\/span>\n                                    <\/li>\n                            <li class=\"elementor-icon-list-item\" >\n                                                <span class=\"elementor-icon-list-icon\">\n                                <i class=\"opal-icon-next-circle\" aria-hidden=\"true\"><\/i>\n                            <\/span>\n                                                <span class=\"elementor-icon-list-text\">WASSERGEHALT: 60%<\/span>\n                                    <\/li>\n                            <li class=\"elementor-icon-list-item\" >\n                                                <span class=\"elementor-icon-list-icon\">\n                                <i class=\"opal-icon-next-circle\" aria-hidden=\"true\"><\/i>\n                            <\/span>\n                                                <span class=\"elementor-icon-list-text\">DURCHMESSER: 14.10mm<\/span>\n                                    <\/li>\n                            <li class=\"elementor-icon-list-item\" >\n                                                <span class=\"elementor-icon-list-icon\">\n                                <i class=\"opal-icon-next-circle\" aria-hidden=\"true\"><\/i>\n                            <\/span>\n                                                <span class=\"elementor-icon-list-text\">BASISKURVE: 8.60mm<\/span>\n                                    <\/li>\n                            <li class=\"elementor-icon-list-item\" >\n                                                <span class=\"elementor-icon-list-icon\">\n                                <i class=\"opal-icon-next-circle\" aria-hidden=\"true\"><\/i>\n                            <\/span>\n                                                <span class=\"elementor-icon-list-text\">MITTENDICKE: 0.06mm<\/span>\n                                    <\/li>\n                            <li class=\"elementor-icon-list-item\" >\n                                                <span class=\"elementor-icon-list-icon\">\n                                <i class=\"opal-icon-next-circle\" aria-hidden=\"true\"><\/i>\n                            <\/span>\n                                                <span class=\"elementor-icon-list-text\">LIEFERBEREICH: -0.00\/-6.00 (0.25) -6.50\/-12.00 (0.50)\n+0.25\/+4.00 (0.25) +4.50\/+7.00 (0.50)<br>+0.25\/+4.00 (0.25) +4.50\/+7.00 (0.50)<\/span>\n                                    <\/li>\n                            <li class=\"elementor-icon-list-item\" >\n                                                <span class=\"elementor-icon-list-icon\">\n                                <i class=\"opal-icon-next-circle\" aria-hidden=\"true\"><\/i>\n                            <\/span>\n                                                <span class=\"elementor-icon-list-text\">PACKUNGSGR\u00d6SSEN: 30er Pack<\/span>\n                                    <\/li>\n                    <\/ul>\n        \t\t\t\t<\/div>\n\t\t\t\t<\/div>\n\t\t\t\t\t<\/div>\n\t\t<\/div>\n\t\t\t\t\t<\/div>\n\t\t<\/section>\n\t\t\t\t\t<\/div>\n\t\t<\/div>\n\t\t\t\t\t<\/div>\n\t\t<\/section>\n\t\t\t\t<\/div>","protected":false},"excerpt":{"rendered":"<p>Delivery Tyro per la normalizzazione dello sviluppo oculare Lenti a contatto giornaliere in hydrogel arricchito con rilascio di Lacriceutici\u00ae. Oltre all&#8217;acido ialuronico e al TSP\u00ae, anche la Tirosina, un amminoacido precursore della dopamina, il neurotrasemttitore che si \u00e8 dimostrato in grado di regolare lo sviluppo anatomico dell&#8217;occhio. La Tirosina promuove la biosintesi di Dopamina La &hellip; <\/p>\n<p class=\"more-link-wrap\"><a href=\"https:\/\/www.safilens.com\/de\/products\/delivery\/\" class=\"more-link\"><span>Read More<span class=\"screen-reader-text\"> &#8220;Delivery&#8221;<\/span><\/span><i class=\"opal-icon-arrow-right\" aria-hidden=\"true\"><\/i><\/a><\/p>","protected":false},"author":5,"featured_media":0,"parent":617,"menu_order":4,"comment_status":"closed","ping_status":"closed","template":"","meta":{"inline_featured_image":false,"footnotes":""},"class_list":["post-5999","page","type-page","status-publish","hentry"],"_links":{"self":[{"href":"https:\/\/www.safilens.com\/de\/wp-json\/wp\/v2\/pages\/5999","targetHints":{"allow":["GET"]}}],"collection":[{"href":"https:\/\/www.safilens.com\/de\/wp-json\/wp\/v2\/pages"}],"about":[{"href":"https:\/\/www.safilens.com\/de\/wp-json\/wp\/v2\/types\/page"}],"author":[{"embeddable":true,"href":"https:\/\/www.safilens.com\/de\/wp-json\/wp\/v2\/users\/5"}],"replies":[{"embeddable":true,"href":"https:\/\/www.safilens.com\/de\/wp-json\/wp\/v2\/comments?post=5999"}],"version-history":[{"count":16,"href":"https:\/\/www.safilens.com\/de\/wp-json\/wp\/v2\/pages\/5999\/revisions"}],"predecessor-version":[{"id":8132,"href":"https:\/\/www.safilens.com\/de\/wp-json\/wp\/v2\/pages\/5999\/revisions\/8132"}],"up":[{"embeddable":true,"href":"https:\/\/www.safilens.com\/de\/wp-json\/wp\/v2\/pages\/617"}],"wp:attachment":[{"href":"https:\/\/www.safilens.com\/de\/wp-json\/wp\/v2\/media?parent=5999"}],"curies":[{"name":"wp","href":"https:\/\/api.w.org\/{rel}","templated":true}]}}