{"id":5896,"date":"2021-08-06T16:45:13","date_gmt":"2021-08-06T14:45:13","guid":{"rendered":"https:\/\/dev.layertre.it\/safilens\/?page_id=5896"},"modified":"2021-11-16T09:09:12","modified_gmt":"2021-11-16T08:09:12","slug":"open-30","status":"publish","type":"page","link":"https:\/\/www.safilens.com\/de\/products\/open-30\/","title":{"rendered":"Open 30"},"content":{"rendered":"<div data-elementor-type=\"wp-page\" data-elementor-id=\"5896\" class=\"elementor elementor-5896\">\n\t\t\t\t\t\t<section class=\"elementor-section elementor-top-section elementor-element elementor-element-ba8e8b1 elementor-section-stretched elementor-section-boxed elementor-section-height-default elementor-section-height-default\" data-id=\"ba8e8b1\" data-element_type=\"section\" data-e-type=\"section\" data-settings=\"{&quot;stretch_section&quot;:&quot;section-stretched&quot;}\">\n\t\t\t\t\t\t<div class=\"elementor-container elementor-column-gap-no\">\n\t\t\t\t\t<div class=\"elementor-column elementor-col-33 elementor-top-column elementor-element elementor-element-fc315e6\" data-id=\"fc315e6\" data-element_type=\"column\" data-e-type=\"column\">\n\t\t\t<div class=\"elementor-widget-wrap elementor-element-populated\">\n\t\t\t\t\t\t<div class=\"elementor-element elementor-element-b30cebd elementor-widget elementor-widget-image\" data-id=\"b30cebd\" data-element_type=\"widget\" data-e-type=\"widget\" data-widget_type=\"image.default\">\n\t\t\t\t<div class=\"elementor-widget-container\">\n\t\t\t\t\t\t\t\t\t\t\t\t\t\t\t<img fetchpriority=\"high\" decoding=\"async\" width=\"300\" height=\"251\" src=\"https:\/\/www.safilens.com\/wp-content\/uploads\/2021\/08\/OP30SL3-e1628261240952-300x251.png\" class=\"attachment-medium size-medium wp-image-5898\" alt=\"\" srcset=\"https:\/\/www.safilens.com\/wp-content\/uploads\/2021\/08\/OP30SL3-e1628261240952-300x251.png 300w, https:\/\/www.safilens.com\/wp-content\/uploads\/2021\/08\/OP30SL3-e1628261240952-1024x858.png 1024w, https:\/\/www.safilens.com\/wp-content\/uploads\/2021\/08\/OP30SL3-e1628261240952-768x643.png 768w, https:\/\/www.safilens.com\/wp-content\/uploads\/2021\/08\/OP30SL3-e1628261240952-1536x1287.png 1536w, https:\/\/www.safilens.com\/wp-content\/uploads\/2021\/08\/OP30SL3-e1628261240952-14x12.png 14w, https:\/\/www.safilens.com\/wp-content\/uploads\/2021\/08\/OP30SL3-e1628261240952-700x586.png 700w, https:\/\/www.safilens.com\/wp-content\/uploads\/2021\/08\/OP30SL3-e1628261240952.png 1590w\" sizes=\"(max-width: 300px) 100vw, 300px\" \/>\t\t\t\t\t\t\t\t\t\t\t\t\t\t\t<\/div>\n\t\t\t\t<\/div>\n\t\t\t\t\t<\/div>\n\t\t<\/div>\n\t\t\t\t<div class=\"elementor-column elementor-col-66 elementor-top-column elementor-element elementor-element-20bb74e\" data-id=\"20bb74e\" data-element_type=\"column\" data-e-type=\"column\">\n\t\t\t<div class=\"elementor-widget-wrap elementor-element-populated\">\n\t\t\t\t\t\t<div class=\"elementor-element elementor-element-47275c2 elementor-position-below elementor-widget elementor-widget-heading\" data-id=\"47275c2\" data-element_type=\"widget\" data-e-type=\"widget\" data-widget_type=\"heading.default\">\n\t\t\t\t<div class=\"elementor-widget-container\">\n\t\t\t\t\t<div class=\"elementor-heading-wrapper\" ><div class=\"elementor-heading-wrapper-inner\"><h2 class=\"elementor-heading-title elementor-size-default\">Open 30<\/h2><span class=\"sub-title\">Bei Myopie und Hyperopie<\/span><\/div><\/div>\t\t\t\t<\/div>\n\t\t\t\t<\/div>\n\t\t\t\t<div class=\"elementor-element elementor-element-a0b369f elementor-widget elementor-widget-text-editor\" data-id=\"a0b369f\" data-element_type=\"widget\" data-e-type=\"widget\" data-widget_type=\"text-editor.default\">\n\t\t\t\t<div class=\"elementor-widget-container\">\n\t\t\t\t\t        <div class=\"elementor-text-editor elementor-clearfix\"><p>Monats-Kontaktlinsen aus Silikon-Hydrogel, die Hyalurons\u00e4ure und TSP\u00ae freisetzen.<\/p><\/div>\n        \t\t\t\t<\/div>\n\t\t\t\t<\/div>\n\t\t\t\t<section class=\"elementor-section elementor-inner-section elementor-element elementor-element-84c47b7 elementor-section-boxed elementor-section-height-default elementor-section-height-default\" data-id=\"84c47b7\" data-element_type=\"section\" data-e-type=\"section\">\n\t\t\t\t\t\t<div class=\"elementor-container elementor-column-gap-no\">\n\t\t\t\t\t<div class=\"elementor-column elementor-col-50 elementor-inner-column elementor-element elementor-element-e283e5d\" data-id=\"e283e5d\" data-element_type=\"column\" data-e-type=\"column\">\n\t\t\t<div class=\"elementor-widget-wrap elementor-element-populated\">\n\t\t\t\t\t\t<div class=\"elementor-element elementor-element-1f7a70d elementor-widget elementor-widget-icon-list\" data-id=\"1f7a70d\" data-element_type=\"widget\" data-e-type=\"widget\" data-widget_type=\"icon-list.default\">\n\t\t\t\t<div class=\"elementor-widget-container\">\n\t\t\t\t\t        <ul class=\"elementor-icon-list-items\">\n                            <li class=\"elementor-icon-list-item\" >\n                                                <span class=\"elementor-icon-list-icon\">\n                                <i class=\"opal-icon-check-circle\" aria-hidden=\"true\"><\/i>\n                            <\/span>\n                                                <span class=\"elementor-icon-list-text\">DK Wert optimal f\u00fcr die t\u00e4gliche Nutzung<\/span>\n                                    <\/li>\n                            <li class=\"elementor-icon-list-item\" >\n                                                <span class=\"elementor-icon-list-icon\">\n                                <i class=\"opal-icon-check-circle\" aria-hidden=\"true\"><\/i>\n                            <\/span>\n                                                <span class=\"elementor-icon-list-text\">Garantiert Komfort und Wohlf\u00fchlen durch die aktiven Eigenschaften des HA + TSP\u00ae Copolymers<\/span>\n                                    <\/li>\n                            <li class=\"elementor-icon-list-item\" >\n                                                <span class=\"elementor-icon-list-icon\">\n                                <i class=\"opal-icon-check-circle\" aria-hidden=\"true\"><\/i>\n                            <\/span>\n                                                <span class=\"elementor-icon-list-text\">Ultraglatte Oberfl\u00e4che zur Minimierung der Anhaftung von Ablagerungen und f\u00fcr eine bessere Benetzung.<\/span>\n                                    <\/li>\n                            <li class=\"elementor-icon-list-item\" >\n                                                <span class=\"elementor-icon-list-icon\">\n                                <i class=\"opal-icon-check-circle\" aria-hidden=\"true\"><\/i>\n                            <\/span>\n                                                <span class=\"elementor-icon-list-text\">Einfache Handhabung beim Auf- und Absetzen der Kontaktlinse<\/span>\n                                    <\/li>\n                            <li class=\"elementor-icon-list-item\" >\n                                                <span class=\"elementor-icon-list-icon\">\n                                <i class=\"opal-icon-check-circle\" aria-hidden=\"true\"><\/i>\n                            <\/span>\n                                                <span class=\"elementor-icon-list-text\">UV - Schutz<\/span>\n                                    <\/li>\n                            <li class=\"elementor-icon-list-item\" >\n                                                <span class=\"elementor-icon-list-icon\">\n                                <i class=\"opal-icon-check-circle\" aria-hidden=\"true\"><\/i>\n                            <\/span>\n                                                <span class=\"elementor-icon-list-text\">Niedriger Modulus<\/span>\n                                    <\/li>\n                    <\/ul>\n        \t\t\t\t<\/div>\n\t\t\t\t<\/div>\n\t\t\t\t\t<\/div>\n\t\t<\/div>\n\t\t\t\t<div class=\"elementor-column elementor-col-50 elementor-inner-column elementor-element elementor-element-563854f\" data-id=\"563854f\" data-element_type=\"column\" data-e-type=\"column\">\n\t\t\t<div class=\"elementor-widget-wrap elementor-element-populated\">\n\t\t\t\t\t\t<div class=\"elementor-element elementor-element-a1b68d9 elementor-widget elementor-widget-icon-list\" data-id=\"a1b68d9\" data-element_type=\"widget\" data-e-type=\"widget\" data-widget_type=\"icon-list.default\">\n\t\t\t\t<div class=\"elementor-widget-container\">\n\t\t\t\t\t        <ul class=\"elementor-icon-list-items\">\n                            <li class=\"elementor-icon-list-item\" >\n                                                <span class=\"elementor-icon-list-icon\">\n                                <i class=\"opal-icon-next-circle\" aria-hidden=\"true\"><\/i>\n                            <\/span>\n                                                <span class=\"elementor-icon-list-text\">MATERIAL: Filcon V, HA+TSP\u00ae<\/span>\n                                    <\/li>\n                            <li class=\"elementor-icon-list-item\" >\n                                                <span class=\"elementor-icon-list-icon\">\n                                <i class=\"opal-icon-next-circle\" aria-hidden=\"true\"><\/i>\n                            <\/span>\n                                                <span class=\"elementor-icon-list-text\">WASSERGEHALT: 45%<\/span>\n                                    <\/li>\n                            <li class=\"elementor-icon-list-item\" >\n                                                <span class=\"elementor-icon-list-icon\">\n                                <i class=\"opal-icon-next-circle\" aria-hidden=\"true\"><\/i>\n                            <\/span>\n                                                <span class=\"elementor-icon-list-text\">DURCHMESSER: 14.10mm<\/span>\n                                    <\/li>\n                            <li class=\"elementor-icon-list-item\" >\n                                                <span class=\"elementor-icon-list-icon\">\n                                <i class=\"opal-icon-next-circle\" aria-hidden=\"true\"><\/i>\n                            <\/span>\n                                                <span class=\"elementor-icon-list-text\">BASISKURVE: 8.70mm<\/span>\n                                    <\/li>\n                            <li class=\"elementor-icon-list-item\" >\n                                                <span class=\"elementor-icon-list-icon\">\n                                <i class=\"opal-icon-next-circle\" aria-hidden=\"true\"><\/i>\n                            <\/span>\n                                                <span class=\"elementor-icon-list-text\">MITTENDICKE: 0.09mm<\/span>\n                                    <\/li>\n                            <li class=\"elementor-icon-list-item\" >\n                                                <span class=\"elementor-icon-list-icon\">\n                                <i class=\"opal-icon-next-circle\" aria-hidden=\"true\"><\/i>\n                            <\/span>\n                                                <span class=\"elementor-icon-list-text\">LIEFERBEREICH: -0.50\/-6.00 (0.25) -6.50\/-16.00 (0.50) +0.75\/+4.00 (0.25) +4.50\/+6.00 (0.50)<\/span>\n                                    <\/li>\n                            <li class=\"elementor-icon-list-item\" >\n                                                <span class=\"elementor-icon-list-icon\">\n                                <i class=\"opal-icon-next-circle\" aria-hidden=\"true\"><\/i>\n                            <\/span>\n                                                <span class=\"elementor-icon-list-text\">PACKUNGSGR\u00d6SSEN: 3er\/6er Pack<\/span>\n                                    <\/li>\n                    <\/ul>\n        \t\t\t\t<\/div>\n\t\t\t\t<\/div>\n\t\t\t\t\t<\/div>\n\t\t<\/div>\n\t\t\t\t\t<\/div>\n\t\t<\/section>\n\t\t\t\t\t<\/div>\n\t\t<\/div>\n\t\t\t\t\t<\/div>\n\t\t<\/section>\n\t\t\t\t<section class=\"elementor-section elementor-top-section elementor-element elementor-element-7f25a31 elementor-section-stretched elementor-section-boxed elementor-section-height-default elementor-section-height-default\" data-id=\"7f25a31\" data-element_type=\"section\" data-e-type=\"section\" data-settings=\"{&quot;stretch_section&quot;:&quot;section-stretched&quot;}\">\n\t\t\t\t\t\t<div class=\"elementor-container elementor-column-gap-no\">\n\t\t\t\t\t<div class=\"elementor-column elementor-col-33 elementor-top-column elementor-element elementor-element-b7550ec\" data-id=\"b7550ec\" data-element_type=\"column\" data-e-type=\"column\">\n\t\t\t<div class=\"elementor-widget-wrap elementor-element-populated\">\n\t\t\t\t\t\t<div class=\"elementor-element elementor-element-c6d5123 elementor-widget elementor-widget-image\" data-id=\"c6d5123\" data-element_type=\"widget\" data-e-type=\"widget\" data-widget_type=\"image.default\">\n\t\t\t\t<div class=\"elementor-widget-container\">\n\t\t\t\t\t\t\t\t\t\t\t\t\t\t\t<img decoding=\"async\" width=\"300\" height=\"252\" src=\"https:\/\/www.safilens.com\/wp-content\/uploads\/2021\/08\/OP3SPL3-e1628261312937-300x252.png\" class=\"attachment-medium size-medium wp-image-5900\" alt=\"\" srcset=\"https:\/\/www.safilens.com\/wp-content\/uploads\/2021\/08\/OP3SPL3-e1628261312937-300x252.png 300w, https:\/\/www.safilens.com\/wp-content\/uploads\/2021\/08\/OP3SPL3-e1628261312937-1024x862.png 1024w, https:\/\/www.safilens.com\/wp-content\/uploads\/2021\/08\/OP3SPL3-e1628261312937-768x646.png 768w, https:\/\/www.safilens.com\/wp-content\/uploads\/2021\/08\/OP3SPL3-e1628261312937-1536x1293.png 1536w, https:\/\/www.safilens.com\/wp-content\/uploads\/2021\/08\/OP3SPL3-e1628261312937-14x12.png 14w, https:\/\/www.safilens.com\/wp-content\/uploads\/2021\/08\/OP3SPL3-e1628261312937-700x589.png 700w, https:\/\/www.safilens.com\/wp-content\/uploads\/2021\/08\/OP3SPL3-e1628261312937.png 1590w\" sizes=\"(max-width: 300px) 100vw, 300px\" \/>\t\t\t\t\t\t\t\t\t\t\t\t\t\t\t<\/div>\n\t\t\t\t<\/div>\n\t\t\t\t\t<\/div>\n\t\t<\/div>\n\t\t\t\t<div class=\"elementor-column elementor-col-66 elementor-top-column elementor-element elementor-element-bad6590\" data-id=\"bad6590\" data-element_type=\"column\" data-e-type=\"column\">\n\t\t\t<div class=\"elementor-widget-wrap elementor-element-populated\">\n\t\t\t\t\t\t<div class=\"elementor-element elementor-element-9379850 elementor-position-below elementor-widget elementor-widget-heading\" data-id=\"9379850\" data-element_type=\"widget\" data-e-type=\"widget\" data-widget_type=\"heading.default\">\n\t\t\t\t<div class=\"elementor-widget-container\">\n\t\t\t\t\t<div class=\"elementor-heading-wrapper\" ><div class=\"elementor-heading-wrapper-inner\"><h2 class=\"elementor-heading-title elementor-size-default\">Open 30 Presbyo<\/h2><span class=\"sub-title\">Bei Presbyopie<\/span><\/div><\/div>\t\t\t\t<\/div>\n\t\t\t\t<\/div>\n\t\t\t\t<div class=\"elementor-element elementor-element-5cb276a elementor-widget elementor-widget-text-editor\" data-id=\"5cb276a\" data-element_type=\"widget\" data-e-type=\"widget\" data-widget_type=\"text-editor.default\">\n\t\t\t\t<div class=\"elementor-widget-container\">\n\t\t\t\t\t        <div class=\"elementor-text-editor elementor-clearfix\"><p>Monats-Kontaktlinsen aus Silikon-Hydrogel, die Hyalurons\u00e4ure und <em>.<\/em>Mit <strong>EDOF - Afokal Design<\/strong> zur Versorgung bei Presbyopie<\/p><\/div>\n        \t\t\t\t<\/div>\n\t\t\t\t<\/div>\n\t\t\t\t<section class=\"elementor-section elementor-inner-section elementor-element elementor-element-488b780 elementor-section-boxed elementor-section-height-default elementor-section-height-default\" data-id=\"488b780\" data-element_type=\"section\" data-e-type=\"section\">\n\t\t\t\t\t\t<div class=\"elementor-container elementor-column-gap-no\">\n\t\t\t\t\t<div class=\"elementor-column elementor-col-50 elementor-inner-column elementor-element elementor-element-47c7037\" data-id=\"47c7037\" data-element_type=\"column\" data-e-type=\"column\">\n\t\t\t<div class=\"elementor-widget-wrap elementor-element-populated\">\n\t\t\t\t\t\t<div class=\"elementor-element elementor-element-00a8fb8 elementor-widget elementor-widget-icon-list\" data-id=\"00a8fb8\" data-element_type=\"widget\" data-e-type=\"widget\" data-widget_type=\"icon-list.default\">\n\t\t\t\t<div class=\"elementor-widget-container\">\n\t\t\t\t\t        <ul class=\"elementor-icon-list-items\">\n                            <li class=\"elementor-icon-list-item\" >\n                                                <span class=\"elementor-icon-list-icon\">\n                                <i class=\"opal-icon-check-circle\" aria-hidden=\"true\"><\/i>\n                            <\/span>\n                                                <span class=\"elementor-icon-list-text\">Die fusiontechnology in afokaler Variante, f\u00fcr eine effektive Versorgung bei Presbyopie<\/span>\n                                    <\/li>\n                            <li class=\"elementor-icon-list-item\" >\n                                                <span class=\"elementor-icon-list-icon\">\n                                <i class=\"opal-icon-check-circle\" aria-hidden=\"true\"><\/i>\n                            <\/span>\n                                                <span class=\"elementor-icon-list-text\">Die afokale Geometrie kommt ohne Additionen aus und begrenzt dadurch die notwendige Parametervielfalt.<\/span>\n                                    <\/li>\n                            <li class=\"elementor-icon-list-item\" >\n                                                <span class=\"elementor-icon-list-icon\">\n                                <i class=\"opal-icon-check-circle\" aria-hidden=\"true\"><\/i>\n                            <\/span>\n                                                <span class=\"elementor-icon-list-text\">Schnell und zuverl\u00e4ssig kann die endg\u00fcltige Kontaktlinse ausgew\u00e4hlt werden.<\/span>\n                                    <\/li>\n                            <li class=\"elementor-icon-list-item\" >\n                                                <span class=\"elementor-icon-list-icon\">\n                                <i class=\"opal-icon-check-circle\" aria-hidden=\"true\"><\/i>\n                            <\/span>\n                                                <span class=\"elementor-icon-list-text\">Absoluter Komfort \u00fcber die gesamte Tragezeit.<\/span>\n                                    <\/li>\n                            <li class=\"elementor-icon-list-item\" >\n                                                <span class=\"elementor-icon-list-icon\">\n                                <i class=\"opal-icon-check-circle\" aria-hidden=\"true\"><\/i>\n                            <\/span>\n                                                <span class=\"elementor-icon-list-text\">Optimale Handhabung<\/span>\n                                    <\/li>\n                            <li class=\"elementor-icon-list-item\" >\n                                                <span class=\"elementor-icon-list-icon\">\n                                <i class=\"opal-icon-check-circle\" aria-hidden=\"true\"><\/i>\n                            <\/span>\n                                                <span class=\"elementor-icon-list-text\">UV - Schutz<\/span>\n                                    <\/li>\n                            <li class=\"elementor-icon-list-item\" >\n                                                <span class=\"elementor-icon-list-icon\">\n                                <i class=\"opal-icon-check-circle\" aria-hidden=\"true\"><\/i>\n                            <\/span>\n                                                <span class=\"elementor-icon-list-text\">Niedriger Modulus<\/span>\n                                    <\/li>\n                    <\/ul>\n        \t\t\t\t<\/div>\n\t\t\t\t<\/div>\n\t\t\t\t\t<\/div>\n\t\t<\/div>\n\t\t\t\t<div class=\"elementor-column elementor-col-50 elementor-inner-column elementor-element elementor-element-fdac704\" data-id=\"fdac704\" data-element_type=\"column\" data-e-type=\"column\">\n\t\t\t<div class=\"elementor-widget-wrap elementor-element-populated\">\n\t\t\t\t\t\t<div class=\"elementor-element elementor-element-417ad8b elementor-widget elementor-widget-icon-list\" data-id=\"417ad8b\" data-element_type=\"widget\" data-e-type=\"widget\" data-widget_type=\"icon-list.default\">\n\t\t\t\t<div class=\"elementor-widget-container\">\n\t\t\t\t\t        <ul class=\"elementor-icon-list-items\">\n                            <li class=\"elementor-icon-list-item\" >\n                                                <span class=\"elementor-icon-list-icon\">\n                                <i class=\"opal-icon-next-circle\" aria-hidden=\"true\"><\/i>\n                            <\/span>\n                                                <span class=\"elementor-icon-list-text\">MATERIAL: Filcon V, HA+TSP\u00ae<\/span>\n                                    <\/li>\n                            <li class=\"elementor-icon-list-item\" >\n                                                <span class=\"elementor-icon-list-icon\">\n                                <i class=\"opal-icon-next-circle\" aria-hidden=\"true\"><\/i>\n                            <\/span>\n                                                <span class=\"elementor-icon-list-text\">WASSERGEHALT: 45%<\/span>\n                                    <\/li>\n                            <li class=\"elementor-icon-list-item\" >\n                                                <span class=\"elementor-icon-list-icon\">\n                                <i class=\"opal-icon-next-circle\" aria-hidden=\"true\"><\/i>\n                            <\/span>\n                                                <span class=\"elementor-icon-list-text\">DURCHMESSER: 14.10mm<\/span>\n                                    <\/li>\n                            <li class=\"elementor-icon-list-item\" >\n                                                <span class=\"elementor-icon-list-icon\">\n                                <i class=\"opal-icon-next-circle\" aria-hidden=\"true\"><\/i>\n                            <\/span>\n                                                <span class=\"elementor-icon-list-text\">BASISKURVE: 8.70mm<\/span>\n                                    <\/li>\n                            <li class=\"elementor-icon-list-item\" >\n                                                <span class=\"elementor-icon-list-icon\">\n                                <i class=\"opal-icon-next-circle\" aria-hidden=\"true\"><\/i>\n                            <\/span>\n                                                <span class=\"elementor-icon-list-text\">MITTENDICKE: 0.09mm<\/span>\n                                    <\/li>\n                            <li class=\"elementor-icon-list-item\" >\n                                                <span class=\"elementor-icon-list-icon\">\n                                <i class=\"opal-icon-next-circle\" aria-hidden=\"true\"><\/i>\n                            <\/span>\n                                                <span class=\"elementor-icon-list-text\">LIEFERBEREICH: -0.00\/-6.00 (0.25)  +0.25\/+6.00 (0.25)<\/span>\n                                    <\/li>\n                            <li class=\"elementor-icon-list-item\" >\n                                                <span class=\"elementor-icon-list-icon\">\n                                <i class=\"opal-icon-next-circle\" aria-hidden=\"true\"><\/i>\n                            <\/span>\n                                                <span class=\"elementor-icon-list-text\">PACKUNGSGR\u00d6SSEN: 3er\/6er Pack<\/span>\n                                    <\/li>\n                    <\/ul>\n        \t\t\t\t<\/div>\n\t\t\t\t<\/div>\n\t\t\t\t\t<\/div>\n\t\t<\/div>\n\t\t\t\t\t<\/div>\n\t\t<\/section>\n\t\t\t\t\t<\/div>\n\t\t<\/div>\n\t\t\t\t\t<\/div>\n\t\t<\/section>\n\t\t\t\t<\/div>","protected":false},"excerpt":{"rendered":"<p>Open 30 per miopia e ipermetropia Lente a contatto mensile in Silicone-Hydrogel con rilascio di acido ialuronico e TSP\u00ae. Valore di DK ottimizzato per l\u2019uso diario Comfort e Wellness oculare garantito dalle propriet\u00e0 attive del copolimero HA+TSP\u00ae Superficie ultra smooth per minimizzare l\u2019aderenza di depositi e per una migliore distribuzione lacrimale Comoda manipolazione per l\u2019inserimento &hellip; <\/p>\n<p class=\"more-link-wrap\"><a href=\"https:\/\/www.safilens.com\/de\/products\/open-30\/\" class=\"more-link\"><span>Read More<span class=\"screen-reader-text\"> &#8220;Open 30&#8221;<\/span><\/span><i class=\"opal-icon-arrow-right\" aria-hidden=\"true\"><\/i><\/a><\/p>","protected":false},"author":5,"featured_media":0,"parent":617,"menu_order":3,"comment_status":"closed","ping_status":"closed","template":"","meta":{"inline_featured_image":false,"footnotes":""},"class_list":["post-5896","page","type-page","status-publish","hentry"],"_links":{"self":[{"href":"https:\/\/www.safilens.com\/de\/wp-json\/wp\/v2\/pages\/5896","targetHints":{"allow":["GET"]}}],"collection":[{"href":"https:\/\/www.safilens.com\/de\/wp-json\/wp\/v2\/pages"}],"about":[{"href":"https:\/\/www.safilens.com\/de\/wp-json\/wp\/v2\/types\/page"}],"author":[{"embeddable":true,"href":"https:\/\/www.safilens.com\/de\/wp-json\/wp\/v2\/users\/5"}],"replies":[{"embeddable":true,"href":"https:\/\/www.safilens.com\/de\/wp-json\/wp\/v2\/comments?post=5896"}],"version-history":[{"count":13,"href":"https:\/\/www.safilens.com\/de\/wp-json\/wp\/v2\/pages\/5896\/revisions"}],"predecessor-version":[{"id":5912,"href":"https:\/\/www.safilens.com\/de\/wp-json\/wp\/v2\/pages\/5896\/revisions\/5912"}],"up":[{"embeddable":true,"href":"https:\/\/www.safilens.com\/de\/wp-json\/wp\/v2\/pages\/617"}],"wp:attachment":[{"href":"https:\/\/www.safilens.com\/de\/wp-json\/wp\/v2\/media?parent=5896"}],"curies":[{"name":"wp","href":"https:\/\/api.w.org\/{rel}","templated":true}]}}