{"id":5339,"date":"2021-02-01T07:44:17","date_gmt":"2021-02-01T06:44:17","guid":{"rendered":"http:\/\/source.wpopal.com\/editech\/our-team\/"},"modified":"2021-11-16T09:09:12","modified_gmt":"2021-11-16T08:09:12","slug":"partnership","status":"publish","type":"page","link":"https:\/\/www.safilens.com\/de\/partnership\/","title":{"rendered":"Partner"},"content":{"rendered":"<div data-elementor-type=\"wp-page\" data-elementor-id=\"5339\" class=\"elementor elementor-5339\">\n\t\t\t\t\t\t<section class=\"elementor-section elementor-top-section elementor-element elementor-element-cce694f elementor-section-stretched elementor-section-boxed elementor-section-height-default elementor-section-height-default\" data-id=\"cce694f\" data-element_type=\"section\" data-e-type=\"section\" data-settings=\"{&quot;stretch_section&quot;:&quot;section-stretched&quot;}\">\n\t\t\t\t\t\t<div class=\"elementor-container elementor-column-gap-no\">\n\t\t\t\t\t<div class=\"elementor-column elementor-col-100 elementor-top-column elementor-element elementor-element-2b5f2e8\" data-id=\"2b5f2e8\" data-element_type=\"column\" data-e-type=\"column\">\n\t\t\t<div class=\"elementor-widget-wrap elementor-element-populated\">\n\t\t\t\t\t\t<div class=\"elementor-element elementor-element-f848f03 elementor-position-above elementor-position-center elementor-widget__width-initial elementor-widget elementor-widget-heading\" data-id=\"f848f03\" data-element_type=\"widget\" data-e-type=\"widget\" data-widget_type=\"heading.default\">\n\t\t\t\t<div class=\"elementor-widget-container\">\n\t\t\t\t\t<div class=\"elementor-heading-wrapper\" ><div class=\"elementor-heading-wrapper-inner\"><h2 class=\"elementor-heading-title elementor-size-default\">Synergien und Kooperationen<\/h2><\/div><\/div>\t\t\t\t<\/div>\n\t\t\t\t<\/div>\n\t\t\t\t<section class=\"elementor-section elementor-inner-section elementor-element elementor-element-710fef4 elementor-section-boxed elementor-section-height-default elementor-section-height-default\" data-id=\"710fef4\" data-element_type=\"section\" data-e-type=\"section\">\n\t\t\t\t\t\t<div class=\"elementor-container elementor-column-gap-no\">\n\t\t\t\t\t<div class=\"elementor-column elementor-col-33 elementor-inner-column elementor-element elementor-element-f1bc76f\" data-id=\"f1bc76f\" data-element_type=\"column\" data-e-type=\"column\">\n\t\t\t<div class=\"elementor-widget-wrap elementor-element-populated\">\n\t\t\t\t\t\t<div class=\"elementor-element elementor-element-b100166 elementor-widget elementor-widget-opal-team-box\" data-id=\"b100166\" data-element_type=\"widget\" data-e-type=\"widget\" data-widget_type=\"opal-team-box.default\">\n\t\t\t\t<div class=\"elementor-widget-container\">\n\t\t\t\t\t        <div class=\"elementor-teams-wrapper\">\n            <div class=\"elementor-team-item\">\n                        <div class=\"elementor-team-meta-inner\">\n            <div class=\"elementor-team-image\">\n                <div class=\"team-image\">\n                    <img fetchpriority=\"high\" decoding=\"async\" width=\"850\" height=\"850\" src=\"https:\/\/www.safilens.com\/wp-content\/uploads\/2021\/10\/FBOV.jpg\" class=\"attachment-full size-full wp-image-7188\" alt=\"\" srcset=\"https:\/\/www.safilens.com\/wp-content\/uploads\/2021\/10\/FBOV.jpg 850w, https:\/\/www.safilens.com\/wp-content\/uploads\/2021\/10\/FBOV-300x300.jpg 300w, https:\/\/www.safilens.com\/wp-content\/uploads\/2021\/10\/FBOV-150x150.jpg 150w, https:\/\/www.safilens.com\/wp-content\/uploads\/2021\/10\/FBOV-768x768.jpg 768w, https:\/\/www.safilens.com\/wp-content\/uploads\/2021\/10\/FBOV-12x12.jpg 12w, https:\/\/www.safilens.com\/wp-content\/uploads\/2021\/10\/FBOV-700x700.jpg 700w, https:\/\/www.safilens.com\/wp-content\/uploads\/2021\/10\/FBOV-100x100.jpg 100w\" sizes=\"(max-width: 850px) 100vw, 850px\" \/>                <\/div>\n                <div class=\"elementor-team-socials\">\n                    <ul class=\"team-icon-socials\">\n                                                                                    <li class=\"social facebook\">\n                                    <a href=\"https:\/\/www.facebook.com\/FondazioneBancadegliOcchidelVenetoOnlus\">\n                                        <i class=\"fa fa-facebook\"><\/i>\n                                    <\/a>\n                                <\/li>\n                                                                                                                                                                    <li class=\"social youtube\">\n                                    <a href=\"https:\/\/www.youtube.com\/user\/FBOV\">\n                                        <i class=\"fa fa-youtube\"><\/i>\n                                    <\/a>\n                                <\/li>\n                                                                                                                            <\/ul>\n                <\/div>\n            <\/div>\n            <div class=\"elementor-team-details\">\n                                    <div class=\"elementor-team-name\"><a href=\"https:\/\/www.fbov.org\/\">Fondazione Banca degli Occhi<\/a><\/div>\n                                                    <div class=\"elementor-team-job\">del Veneto ONLUS<\/div>\n                                                    <div class=\"elementor-team-description\">Safilens arbeitet mit der Eye Bank Foundation bei der Entwicklung neuer Technologien zusammen und unterst\u00fctzt die Forschung gegen Augenkrankheiten.<\/div>\n                            <\/div>\n\n\n        <\/div>\n                    <\/div>\n        <\/div>\n        \t\t\t\t<\/div>\n\t\t\t\t<\/div>\n\t\t\t\t\t<\/div>\n\t\t<\/div>\n\t\t\t\t<div class=\"elementor-column elementor-col-33 elementor-inner-column elementor-element elementor-element-0bb0d89\" data-id=\"0bb0d89\" data-element_type=\"column\" data-e-type=\"column\">\n\t\t\t<div class=\"elementor-widget-wrap elementor-element-populated\">\n\t\t\t\t\t\t<div class=\"elementor-element elementor-element-724ce17 elementor-widget elementor-widget-opal-team-box\" data-id=\"724ce17\" data-element_type=\"widget\" data-e-type=\"widget\" data-widget_type=\"opal-team-box.default\">\n\t\t\t\t<div class=\"elementor-widget-container\">\n\t\t\t\t\t        <div class=\"elementor-teams-wrapper\">\n            <div class=\"elementor-team-item\">\n                        <div class=\"elementor-team-meta-inner\">\n            <div class=\"elementor-team-image\">\n                <div class=\"team-image\">\n                    <img decoding=\"async\" width=\"850\" height=\"850\" src=\"https:\/\/www.safilens.com\/wp-content\/uploads\/2021\/10\/unisalento.jpg\" class=\"attachment-full size-full wp-image-7189\" alt=\"\" srcset=\"https:\/\/www.safilens.com\/wp-content\/uploads\/2021\/10\/unisalento.jpg 850w, https:\/\/www.safilens.com\/wp-content\/uploads\/2021\/10\/unisalento-300x300.jpg 300w, https:\/\/www.safilens.com\/wp-content\/uploads\/2021\/10\/unisalento-150x150.jpg 150w, https:\/\/www.safilens.com\/wp-content\/uploads\/2021\/10\/unisalento-768x768.jpg 768w, https:\/\/www.safilens.com\/wp-content\/uploads\/2021\/10\/unisalento-12x12.jpg 12w, https:\/\/www.safilens.com\/wp-content\/uploads\/2021\/10\/unisalento-700x700.jpg 700w, https:\/\/www.safilens.com\/wp-content\/uploads\/2021\/10\/unisalento-100x100.jpg 100w\" sizes=\"(max-width: 850px) 100vw, 850px\" \/>                <\/div>\n                <div class=\"elementor-team-socials\">\n                    <ul class=\"team-icon-socials\">\n                                                                                    <li class=\"social facebook\">\n                                    <a href=\"https:\/\/www.facebook.com\/groups\/67059686137\">\n                                        <i class=\"fa fa-facebook\"><\/i>\n                                    <\/a>\n                                <\/li>\n                                                                                                                                                                                                                                    <\/ul>\n                <\/div>\n            <\/div>\n            <div class=\"elementor-team-details\">\n                                    <div class=\"elementor-team-name\"><a href=\"https:\/\/www.unisalento.it\/didattica\/cosa-studiare\/corsi-di-laurea\/-\/dettaglio\/corso\/LB24\/ottica-e-optometria\">Universit\u00e0 del Salento<\/a><\/div>\n                                                    <div class=\"elementor-team-job\">Studiengang Optik und Optometrie<\/div>\n                                                    <div class=\"elementor-team-description\">Langj\u00e4hrige Zusammenarbeit mit dem Fachbereich Naturwissenschaften bei Forschungsaktivit\u00e4ten, die aus dem Screening von Bev\u00f6lkerungsgruppen und der Untersuchung neuer Materialien, sowie neuer Geometrien und weiterentwickelter Instrumente f\u00fcr optometrische T\u00e4tigkeiten besteht.<\/div>\n                            <\/div>\n\n\n        <\/div>\n                    <\/div>\n        <\/div>\n        \t\t\t\t<\/div>\n\t\t\t\t<\/div>\n\t\t\t\t\t<\/div>\n\t\t<\/div>\n\t\t\t\t<div class=\"elementor-column elementor-col-33 elementor-inner-column elementor-element elementor-element-65186f2\" data-id=\"65186f2\" data-element_type=\"column\" data-e-type=\"column\">\n\t\t\t<div class=\"elementor-widget-wrap elementor-element-populated\">\n\t\t\t\t\t\t<div class=\"elementor-element elementor-element-84f4f92 elementor-widget elementor-widget-opal-team-box\" data-id=\"84f4f92\" data-element_type=\"widget\" data-e-type=\"widget\" data-widget_type=\"opal-team-box.default\">\n\t\t\t\t<div class=\"elementor-widget-container\">\n\t\t\t\t\t        <div class=\"elementor-teams-wrapper\">\n            <div class=\"elementor-team-item\">\n                        <div class=\"elementor-team-meta-inner\">\n            <div class=\"elementor-team-image\">\n                <div class=\"team-image\">\n                    <img decoding=\"async\" width=\"850\" height=\"850\" src=\"https:\/\/www.safilens.com\/wp-content\/uploads\/2021\/10\/anywave.jpg\" class=\"attachment-full size-full wp-image-7190\" alt=\"\" srcset=\"https:\/\/www.safilens.com\/wp-content\/uploads\/2021\/10\/anywave.jpg 850w, https:\/\/www.safilens.com\/wp-content\/uploads\/2021\/10\/anywave-300x300.jpg 300w, https:\/\/www.safilens.com\/wp-content\/uploads\/2021\/10\/anywave-150x150.jpg 150w, https:\/\/www.safilens.com\/wp-content\/uploads\/2021\/10\/anywave-768x768.jpg 768w, https:\/\/www.safilens.com\/wp-content\/uploads\/2021\/10\/anywave-12x12.jpg 12w, https:\/\/www.safilens.com\/wp-content\/uploads\/2021\/10\/anywave-700x700.jpg 700w, https:\/\/www.safilens.com\/wp-content\/uploads\/2021\/10\/anywave-100x100.jpg 100w\" sizes=\"(max-width: 850px) 100vw, 850px\" \/>                <\/div>\n                <div class=\"elementor-team-socials\">\n                    <ul class=\"team-icon-socials\">\n                                                                                    <li class=\"social facebook\">\n                                    <a href=\"https:\/\/www.facebook.com\/AnywaveITA18215\/\">\n                                        <i class=\"fa fa-facebook\"><\/i>\n                                    <\/a>\n                                <\/li>\n                                                                                                                                                                    <li class=\"social youtube\">\n                                    <a href=\"https:\/\/www.youtube.com\/channel\/UCrDLP7xGqBga7i6r_jycy0Q\">\n                                        <i class=\"fa fa-youtube\"><\/i>\n                                    <\/a>\n                                <\/li>\n                                                                                                                            <\/ul>\n                <\/div>\n            <\/div>\n            <div class=\"elementor-team-details\">\n                                    <div class=\"elementor-team-name\"><a href=\"https:\/\/www.anywave.it\/\">ANYWAVE<\/a><\/div>\n                                                    <div class=\"elementor-team-job\">Sistiana Segel Team<\/div>\n                                                    <div class=\"elementor-team-description\">Safilens ist seit 2017 Hauptsponsor des Regata- Segelbootes \"Anywave\", einer Maxi-Yacht, die, neben dem Rennsport, den Schutz des Meeres und das Bewusstsein f\u00fcr die Verantwortung jedes Einzelnen f\u00fcr den Schutz der Umwelt f\u00f6rdert.<\/div>\n                            <\/div>\n\n\n        <\/div>\n                    <\/div>\n        <\/div>\n        \t\t\t\t<\/div>\n\t\t\t\t<\/div>\n\t\t\t\t\t<\/div>\n\t\t<\/div>\n\t\t\t\t\t<\/div>\n\t\t<\/section>\n\t\t\t\t\t<\/div>\n\t\t<\/div>\n\t\t\t\t\t<\/div>\n\t\t<\/section>\n\t\t\t\t<\/div>","protected":false},"excerpt":{"rendered":"<p>Sinergie e collaborazioni Fondazione Banca degli Occhi del Veneto ONLUS Safilens collabora con la Fondazione Banca degli Occhi nello sviluppo di nuove tecnologie e sostiene la ricerca contro le malattie oculari Universit\u00e0 del Salento Corso di Laurea in Ottica ed Optometria Safilens da diversi anni con il Dipartimento di Scienze MM.FF.NN. nelle attivit\u00e0 di ricerca &hellip; <\/p>\n<p class=\"more-link-wrap\"><a href=\"https:\/\/www.safilens.com\/de\/partnership\/\" class=\"more-link\"><span>Read More<span class=\"screen-reader-text\"> &#8220;Collaborazioni&#8221;<\/span><\/span><i class=\"opal-icon-arrow-right\" aria-hidden=\"true\"><\/i><\/a><\/p>","protected":false},"author":5,"featured_media":0,"parent":0,"menu_order":0,"comment_status":"closed","ping_status":"closed","template":"page-elementor.php","meta":{"inline_featured_image":false,"footnotes":""},"class_list":["post-5339","page","type-page","status-publish","hentry"],"_links":{"self":[{"href":"https:\/\/www.safilens.com\/de\/wp-json\/wp\/v2\/pages\/5339","targetHints":{"allow":["GET"]}}],"collection":[{"href":"https:\/\/www.safilens.com\/de\/wp-json\/wp\/v2\/pages"}],"about":[{"href":"https:\/\/www.safilens.com\/de\/wp-json\/wp\/v2\/types\/page"}],"author":[{"embeddable":true,"href":"https:\/\/www.safilens.com\/de\/wp-json\/wp\/v2\/users\/5"}],"replies":[{"embeddable":true,"href":"https:\/\/www.safilens.com\/de\/wp-json\/wp\/v2\/comments?post=5339"}],"version-history":[{"count":47,"href":"https:\/\/www.safilens.com\/de\/wp-json\/wp\/v2\/pages\/5339\/revisions"}],"predecessor-version":[{"id":7334,"href":"https:\/\/www.safilens.com\/de\/wp-json\/wp\/v2\/pages\/5339\/revisions\/7334"}],"wp:attachment":[{"href":"https:\/\/www.safilens.com\/de\/wp-json\/wp\/v2\/media?parent=5339"}],"curies":[{"name":"wp","href":"https:\/\/api.w.org\/{rel}","templated":true}]}}